{"id":229843,"date":"2022-03-10T14:36:23","date_gmt":"2022-03-10T13:36:23","guid":{"rendered":"https:\/\/pollmann.de\/produkt\/haken-k-13-100-mm-zum-durchschrauben-schwarz\/"},"modified":"2022-03-10T14:36:58","modified_gmt":"2022-03-10T13:36:58","slug":"haken-k-13-100-mm-zum-durchschrauben-schwarz","status":"publish","type":"product","link":"https:\/\/pollmann.de\/fr\/produit\/haken-k-13-100-mm-zum-durchschrauben-schwarz\/","title":{"rendered":"Crochet K 13\/100 mm \u00e0 visser, noir"},"content":{"rendered":"<p>pour vissage traversant avec filetage m\u00e9trique. La rainure du mandrin sert de dispositif de s\u00e9curit\u00e9 de d\u00e9clenchement en association avec les rouleaux r\u00e9glables n\u00b0 22165-22169.<\/p>","protected":false},"excerpt":{"rendered":"<p>pour vissage traversant avec filetage m\u00e9trique. La rainure du mandrin sert de dispositif de s\u00e9curit\u00e9 de d\u00e9clenchement en association avec les rouleaux r\u00e9glables n\u00b0 22165-22169.<\/p>","protected":false},"featured_media":227741,"comment_status":"closed","ping_status":"closed","template":"","meta":{"_acf_changed":false,"_et_pb_use_builder":"","_et_pb_old_content":"","_et_gb_content_width":""},"product_brand":[],"product_cat":[2746,2752,1731],"product_tag":[235,1771,85,780,778,209,84,781,779,759,97,457],"class_list":{"0":"post-229843","1":"product","2":"type-product","3":"status-publish","4":"has-post-thumbnail","6":"product_cat-haken-kloben-torbeschlaege","7":"product_cat-schraubkloben","8":"product_cat-torbeschlaege","9":"product_tag-durchschraubhaken","10":"product_tag-durchschraubkoben","11":"product_tag-haken","12":"product_tag-haken-mit-gewinde","13":"product_tag-haken-zum-durchschrauben","14":"product_tag-haken-zum-einschrauben","15":"product_tag-kloben","16":"product_tag-kloben-mit-gewinde","17":"product_tag-kloben-zum-durchschrauben","18":"product_tag-kloben-zum-einschrauben","19":"product_tag-pollmann","20":"product_tag-torbeschlag","21":"pa_varianten-haken-k-13-100-mm-zum-durchschrauben-schwarz","23":"first","24":"instock","25":"purchasable","26":"product-type-simple"},"acf":[],"_links":{"self":[{"href":"https:\/\/pollmann.de\/fr\/wp-json\/wp\/v2\/product\/229843","targetHints":{"allow":["GET"]}}],"collection":[{"href":"https:\/\/pollmann.de\/fr\/wp-json\/wp\/v2\/product"}],"about":[{"href":"https:\/\/pollmann.de\/fr\/wp-json\/wp\/v2\/types\/product"}],"replies":[{"embeddable":true,"href":"https:\/\/pollmann.de\/fr\/wp-json\/wp\/v2\/comments?post=229843"}],"wp:featuredmedia":[{"embeddable":true,"href":"https:\/\/pollmann.de\/fr\/wp-json\/wp\/v2\/media\/227741"}],"wp:attachment":[{"href":"https:\/\/pollmann.de\/fr\/wp-json\/wp\/v2\/media?parent=229843"}],"wp:term":[{"taxonomy":"product_brand","embeddable":true,"href":"https:\/\/pollmann.de\/fr\/wp-json\/wp\/v2\/product_brand?post=229843"},{"taxonomy":"product_cat","embeddable":true,"href":"https:\/\/pollmann.de\/fr\/wp-json\/wp\/v2\/product_cat?post=229843"},{"taxonomy":"product_tag","embeddable":true,"href":"https:\/\/pollmann.de\/fr\/wp-json\/wp\/v2\/product_tag?post=229843"}],"curies":[{"name":"wp","href":"https:\/\/api.w.org\/{rel}","templated":true}]}}