{"id":229838,"date":"2022-03-10T14:36:23","date_gmt":"2022-03-10T13:36:23","guid":{"rendered":"https:\/\/pollmann.de\/produkt\/stuetzrolle-torlaufrolle-mit-feder\/"},"modified":"2022-03-10T14:36:57","modified_gmt":"2022-03-10T13:36:57","slug":"stuetzrolle-torlaufrolle-mit-feder","status":"publish","type":"product","link":"https:\/\/pollmann.de\/fr\/produit\/stuetzrolle-torlaufrolle-mit-feder\/","title":{"rendered":"Galet de support \/ galet de portail avec ressort"},"content":{"rendered":"<p>avec suspension t\u00e9lescopique, charge d&#039;appui 30 kg, d\u00e9battement 70 mm, roue \u00d8 100 mm<\/p>","protected":false},"excerpt":{"rendered":"<p>avec suspension t\u00e9lescopique, charge d&#039;appui 30 kg, d\u00e9battement 70 mm, roue \u00d8 100 mm<\/p>","protected":false},"featured_media":227672,"comment_status":"closed","ping_status":"closed","template":"","meta":{"_acf_changed":false,"_et_pb_use_builder":"","_et_pb_old_content":"","_et_gb_content_width":""},"product_brand":[],"product_cat":[1731,2026],"product_tag":[2033,2031,2032,2034],"class_list":{"0":"post-229838","1":"product","2":"type-product","3":"status-publish","4":"has-post-thumbnail","6":"product_cat-torbeschlaege","7":"product_cat-torfeststeller","8":"product_tag-stuetzrad","9":"product_tag-stuetzrolle","10":"product_tag-torlaufrolle","11":"product_tag-torrolle-mit-feder","12":"pa_varianten-stuetzrolle-torlaufrolle-mit-feder","14":"first","15":"instock","16":"purchasable","17":"product-type-simple"},"acf":[],"_links":{"self":[{"href":"https:\/\/pollmann.de\/fr\/wp-json\/wp\/v2\/product\/229838","targetHints":{"allow":["GET"]}}],"collection":[{"href":"https:\/\/pollmann.de\/fr\/wp-json\/wp\/v2\/product"}],"about":[{"href":"https:\/\/pollmann.de\/fr\/wp-json\/wp\/v2\/types\/product"}],"replies":[{"embeddable":true,"href":"https:\/\/pollmann.de\/fr\/wp-json\/wp\/v2\/comments?post=229838"}],"wp:featuredmedia":[{"embeddable":true,"href":"https:\/\/pollmann.de\/fr\/wp-json\/wp\/v2\/media\/227672"}],"wp:attachment":[{"href":"https:\/\/pollmann.de\/fr\/wp-json\/wp\/v2\/media?parent=229838"}],"wp:term":[{"taxonomy":"product_brand","embeddable":true,"href":"https:\/\/pollmann.de\/fr\/wp-json\/wp\/v2\/product_brand?post=229838"},{"taxonomy":"product_cat","embeddable":true,"href":"https:\/\/pollmann.de\/fr\/wp-json\/wp\/v2\/product_cat?post=229838"},{"taxonomy":"product_tag","embeddable":true,"href":"https:\/\/pollmann.de\/fr\/wp-json\/wp\/v2\/product_tag?post=229838"}],"curies":[{"name":"wp","href":"https:\/\/api.w.org\/{rel}","templated":true}]}}