{"id":229833,"date":"2022-03-10T14:36:23","date_gmt":"2022-03-10T13:36:23","guid":{"rendered":"https:\/\/pollmann.de\/produkt\/plattenhaken-fuer-mauerwerk-beton-dorn-o-16-mm-edelstahl-v4a\/"},"modified":"2022-03-10T14:36:55","modified_gmt":"2022-03-10T13:36:55","slug":"plattenhaken-fuer-mauerwerk-beton-dorn-o-16-mm-edelstahl-v4a","status":"publish","type":"product","link":"https:\/\/pollmann.de\/fr\/produit\/plattenhaken-fuer-mauerwerk-beton-dorn-o-16-mm-edelstahl-v4a\/","title":{"rendered":"Crochet \u00e0 plaque pour ma\u00e7onnerie\/b\u00e9ton, mandrin \u00d8 16 mm, inox (V4A)"},"content":{"rendered":"<p>Pince \u00e0 plaque \u00e0 visser avec mandrin libre \u00d8 16 mm, plaque de base arrondie, distance du mandrin r\u00e9glable par filetage m\u00e9trique, plage de r\u00e9glage bord arri\u00e8re de la plaque de base - centre du mandrin = 20 - 45 mm.<\/p>","protected":false},"excerpt":{"rendered":"<p>Pince \u00e0 plaque \u00e0 visser avec mandrin libre \u00d8 16 mm, plaque de base arrondie, distance du mandrin r\u00e9glable par filetage m\u00e9trique, plage de r\u00e9glage bord arri\u00e8re de la plaque de base - centre du mandrin = 20 - 45 mm.<\/p>","protected":false},"featured_media":227854,"comment_status":"closed","ping_status":"closed","template":"","meta":{"_acf_changed":false,"_et_pb_use_builder":"","_et_pb_old_content":"","_et_gb_content_width":""},"product_brand":[],"product_cat":[1894,1731],"product_tag":[1896,1897,85,769,750,84,770,751,97],"class_list":{"0":"post-229833","1":"product","2":"type-product","3":"status-publish","4":"has-post-thumbnail","6":"product_cat-beschlaege-aus-edelstahl","7":"product_cat-torbeschlaege","8":"product_tag-edelstahl-haken","9":"product_tag-edelstahl-kloben","10":"product_tag-haken","11":"product_tag-haken-verstellbar","12":"product_tag-haken-zum-aufschrauben","13":"product_tag-kloben","14":"product_tag-kloben-verstellbar","15":"product_tag-kloben-zum-aufschrauben","16":"product_tag-pollmann","17":"pa_varianten-plattenhaken-fuer-mauerwerk-beton-dorn-o-16-mm-edelstahl-v4a","19":"first","20":"instock","21":"purchasable","22":"product-type-simple"},"acf":[],"_links":{"self":[{"href":"https:\/\/pollmann.de\/fr\/wp-json\/wp\/v2\/product\/229833","targetHints":{"allow":["GET"]}}],"collection":[{"href":"https:\/\/pollmann.de\/fr\/wp-json\/wp\/v2\/product"}],"about":[{"href":"https:\/\/pollmann.de\/fr\/wp-json\/wp\/v2\/types\/product"}],"replies":[{"embeddable":true,"href":"https:\/\/pollmann.de\/fr\/wp-json\/wp\/v2\/comments?post=229833"}],"wp:featuredmedia":[{"embeddable":true,"href":"https:\/\/pollmann.de\/fr\/wp-json\/wp\/v2\/media\/227854"}],"wp:attachment":[{"href":"https:\/\/pollmann.de\/fr\/wp-json\/wp\/v2\/media?parent=229833"}],"wp:term":[{"taxonomy":"product_brand","embeddable":true,"href":"https:\/\/pollmann.de\/fr\/wp-json\/wp\/v2\/product_brand?post=229833"},{"taxonomy":"product_cat","embeddable":true,"href":"https:\/\/pollmann.de\/fr\/wp-json\/wp\/v2\/product_cat?post=229833"},{"taxonomy":"product_tag","embeddable":true,"href":"https:\/\/pollmann.de\/fr\/wp-json\/wp\/v2\/product_tag?post=229833"}],"curies":[{"name":"wp","href":"https:\/\/api.w.org\/{rel}","templated":true}]}}