{"id":229832,"date":"2022-03-10T14:36:23","date_gmt":"2022-03-10T13:36:23","guid":{"rendered":"https:\/\/pollmann.de\/produkt\/stalltuerklinken-satz-zum-aufschrauben\/"},"modified":"2022-03-10T14:38:08","modified_gmt":"2022-03-10T13:38:08","slug":"stalltuerklinken-satz-zum-aufschrauben","status":"publish","type":"product","link":"https:\/\/pollmann.de\/fr\/produit\/stalltuerklinken-satz-zum-aufschrauben\/","title":{"rendered":"Kit de poign\u00e9e de porte stable \u00e0 visser"},"content":{"rendered":"<p>compos\u00e9 de : 1 levier de loquet, 1 crochet de loquet \u00e0 visser, 1 pince de loquet \u00e0 visser, 1 poign\u00e9e de loquet<\/p>","protected":false},"excerpt":{"rendered":"<p>compos\u00e9 de : 1 levier de loquet, 1 crochet de loquet \u00e0 visser, 1 pince de loquet \u00e0 visser, 1 poign\u00e9e de loquet<\/p>","protected":false},"featured_media":227699,"comment_status":"closed","ping_status":"closed","template":"","meta":{"_acf_changed":false,"_et_pb_use_builder":"","_et_pb_old_content":"","_et_gb_content_width":""},"product_brand":[],"product_cat":[1799,1731],"product_tag":[1812,1815,97,1816],"class_list":{"0":"post-229832","1":"product","2":"type-product","3":"status-publish","4":"has-post-thumbnail","6":"product_cat-stalltuerbeschlaege","7":"product_cat-torbeschlaege","8":"product_tag-klinkbeschlag","9":"product_tag-klinkhebel","10":"product_tag-pollmann","11":"product_tag-stalltuerbeschlag","12":"pa_varianten-stalltuerklinken-satz-zum-aufschrauben-hebel-250-mm-feuerverzinkt","13":"pa_varianten-stalltuerklinken-satz-zum-aufschrauben-hebel-250-mm-hell-verzinkt","14":"pa_varianten-stalltuerklinken-satz-zum-aufschrauben-hebel-300-mm-feuerverzinkt","15":"pa_varianten-stalltuerklinken-satz-zum-aufschrauben-hebel-300-mm-hell-verzinkt","17":"first","18":"instock","19":"purchasable","20":"product-type-variable"},"acf":[],"_links":{"self":[{"href":"https:\/\/pollmann.de\/fr\/wp-json\/wp\/v2\/product\/229832","targetHints":{"allow":["GET"]}}],"collection":[{"href":"https:\/\/pollmann.de\/fr\/wp-json\/wp\/v2\/product"}],"about":[{"href":"https:\/\/pollmann.de\/fr\/wp-json\/wp\/v2\/types\/product"}],"replies":[{"embeddable":true,"href":"https:\/\/pollmann.de\/fr\/wp-json\/wp\/v2\/comments?post=229832"}],"wp:featuredmedia":[{"embeddable":true,"href":"https:\/\/pollmann.de\/fr\/wp-json\/wp\/v2\/media\/227699"}],"wp:attachment":[{"href":"https:\/\/pollmann.de\/fr\/wp-json\/wp\/v2\/media?parent=229832"}],"wp:term":[{"taxonomy":"product_brand","embeddable":true,"href":"https:\/\/pollmann.de\/fr\/wp-json\/wp\/v2\/product_brand?post=229832"},{"taxonomy":"product_cat","embeddable":true,"href":"https:\/\/pollmann.de\/fr\/wp-json\/wp\/v2\/product_cat?post=229832"},{"taxonomy":"product_tag","embeddable":true,"href":"https:\/\/pollmann.de\/fr\/wp-json\/wp\/v2\/product_tag?post=229832"}],"curies":[{"name":"wp","href":"https:\/\/api.w.org\/{rel}","templated":true}]}}