{"id":229831,"date":"2022-03-10T14:36:23","date_gmt":"2022-03-10T13:36:23","guid":{"rendered":"https:\/\/pollmann.de\/produkt\/torfeststeller-fuer-bodenmontage-feuerverzinkt\/"},"modified":"2022-03-10T14:36:55","modified_gmt":"2022-03-10T13:36:55","slug":"torfeststeller-fuer-bodenmontage-feuerverzinkt","status":"publish","type":"product","link":"https:\/\/pollmann.de\/fr\/produit\/torfeststeller-fuer-bodenmontage-feuerverzinkt\/","title":{"rendered":"But\u00e9e de portail pour montage au sol, galvanis\u00e9e \u00e0 chaud"},"content":{"rendered":"<p>avec angle de fermeture 35 x 46 x 30 mm, plaque 65 x 65 mm<\/p>","protected":false},"excerpt":{"rendered":"<p>avec angle de fermeture 35 x 46 x 30 mm, plaque 65 x 65 mm<\/p>","protected":false},"featured_media":227658,"comment_status":"closed","ping_status":"closed","template":"","meta":{"_acf_changed":false,"_et_pb_use_builder":"","_et_pb_old_content":"","_et_gb_content_width":""},"product_brand":[],"product_cat":[1731,2026],"product_tag":[2029,2028,2027],"class_list":{"0":"post-229831","1":"product","2":"type-product","3":"status-publish","4":"has-post-thumbnail","6":"product_cat-torbeschlaege","7":"product_cat-torfeststeller","8":"product_tag-bodenmontage","9":"product_tag-feststeller-fuer-tore","10":"product_tag-torfeststeller","11":"pa_varianten-torfeststeller-fuer-bodenmontage-feuerverzinkt","13":"first","14":"instock","15":"purchasable","16":"product-type-simple"},"acf":[],"_links":{"self":[{"href":"https:\/\/pollmann.de\/fr\/wp-json\/wp\/v2\/product\/229831","targetHints":{"allow":["GET"]}}],"collection":[{"href":"https:\/\/pollmann.de\/fr\/wp-json\/wp\/v2\/product"}],"about":[{"href":"https:\/\/pollmann.de\/fr\/wp-json\/wp\/v2\/types\/product"}],"replies":[{"embeddable":true,"href":"https:\/\/pollmann.de\/fr\/wp-json\/wp\/v2\/comments?post=229831"}],"wp:featuredmedia":[{"embeddable":true,"href":"https:\/\/pollmann.de\/fr\/wp-json\/wp\/v2\/media\/227658"}],"wp:attachment":[{"href":"https:\/\/pollmann.de\/fr\/wp-json\/wp\/v2\/media?parent=229831"}],"wp:term":[{"taxonomy":"product_brand","embeddable":true,"href":"https:\/\/pollmann.de\/fr\/wp-json\/wp\/v2\/product_brand?post=229831"},{"taxonomy":"product_cat","embeddable":true,"href":"https:\/\/pollmann.de\/fr\/wp-json\/wp\/v2\/product_cat?post=229831"},{"taxonomy":"product_tag","embeddable":true,"href":"https:\/\/pollmann.de\/fr\/wp-json\/wp\/v2\/product_tag?post=229831"}],"curies":[{"name":"wp","href":"https:\/\/api.w.org\/{rel}","templated":true}]}}