{"id":229830,"date":"2022-03-10T14:36:23","date_gmt":"2022-03-10T13:36:23","guid":{"rendered":"https:\/\/pollmann.de\/produkt\/gartentorfalle\/"},"modified":"2022-03-10T14:37:17","modified_gmt":"2022-03-10T13:37:17","slug":"gartentorfalle","status":"publish","type":"product","link":"https:\/\/pollmann.de\/fr\/produit\/gartentorfalle\/","title":{"rendered":"Pi\u00e8ge pour portail de jardin"},"content":{"rendered":"<p>avec crochet de verrouillage, r\u00e9glable en hauteur, adapt\u00e9 aux charpentes \u00e9troites, utilisable \u00e0 droite et \u00e0 gauche, levier 155 x 16 mm, dimensions de la plaque l 82 x h 55 mm, hauteur totale 140 mm<\/p>","protected":false},"excerpt":{"rendered":"<p>avec crochet de verrouillage, r\u00e9glable en hauteur, adapt\u00e9 aux charpentes \u00e9troites, utilisable \u00e0 droite et \u00e0 gauche, levier 155 x 16 mm, dimensions de la plaque l 82 x h 55 mm, hauteur totale 140 mm<\/p>","protected":false},"featured_media":227611,"comment_status":"closed","ping_status":"closed","template":"","meta":{"_acf_changed":false,"_et_pb_use_builder":"","_et_pb_old_content":"","_et_gb_content_width":""},"product_brand":[],"product_cat":[1731,1843],"product_tag":[1889,1888,1887,97,458],"class_list":{"0":"post-229830","1":"product","2":"type-product","3":"status-publish","4":"has-post-thumbnail","6":"product_cat-torbeschlaege","7":"product_cat-torverschluesse","8":"product_tag-einzeltor","9":"product_tag-fuer-schmale-hoelzer","10":"product_tag-gartentorfalle","11":"product_tag-pollmann","12":"product_tag-torverschluss","13":"pa_varianten-gartentorfalle-verstellbar-feuerverzinkt","14":"pa_varianten-gartentorfalle-verstellbar-hell-verzinkt","16":"first","17":"instock","18":"purchasable","19":"product-type-variable"},"acf":[],"_links":{"self":[{"href":"https:\/\/pollmann.de\/fr\/wp-json\/wp\/v2\/product\/229830","targetHints":{"allow":["GET"]}}],"collection":[{"href":"https:\/\/pollmann.de\/fr\/wp-json\/wp\/v2\/product"}],"about":[{"href":"https:\/\/pollmann.de\/fr\/wp-json\/wp\/v2\/types\/product"}],"replies":[{"embeddable":true,"href":"https:\/\/pollmann.de\/fr\/wp-json\/wp\/v2\/comments?post=229830"}],"wp:featuredmedia":[{"embeddable":true,"href":"https:\/\/pollmann.de\/fr\/wp-json\/wp\/v2\/media\/227611"}],"wp:attachment":[{"href":"https:\/\/pollmann.de\/fr\/wp-json\/wp\/v2\/media?parent=229830"}],"wp:term":[{"taxonomy":"product_brand","embeddable":true,"href":"https:\/\/pollmann.de\/fr\/wp-json\/wp\/v2\/product_brand?post=229830"},{"taxonomy":"product_cat","embeddable":true,"href":"https:\/\/pollmann.de\/fr\/wp-json\/wp\/v2\/product_cat?post=229830"},{"taxonomy":"product_tag","embeddable":true,"href":"https:\/\/pollmann.de\/fr\/wp-json\/wp\/v2\/product_tag?post=229830"}],"curies":[{"name":"wp","href":"https:\/\/api.w.org\/{rel}","templated":true}]}}