{"id":229829,"date":"2022-03-10T14:36:23","date_gmt":"2022-03-10T13:36:23","guid":{"rendered":"https:\/\/pollmann.de\/produkt\/winkelband-schwer-nr-17\/"},"modified":"2022-03-10T14:38:08","modified_gmt":"2022-03-10T13:38:08","slug":"winkelband-schwer-nr-17","status":"publish","type":"product","link":"https:\/\/pollmann.de\/fr\/produit\/winkelband-schwer-nr-17\/","title":{"rendered":"Bande d&#039;angle lourde n\u00b0 17"},"content":{"rendered":"<p>extr\u00e9mit\u00e9s lourdes et droites, ruban adh\u00e9sif et rouleau 60 x 8 mm<\/p>","protected":false},"excerpt":{"rendered":"<p>extr\u00e9mit\u00e9s lourdes et droites, ruban adh\u00e9sif et rouleau 60 x 8 mm<\/p>","protected":false},"featured_media":227545,"comment_status":"closed","ping_status":"closed","template":"","meta":{"_acf_changed":false,"_et_pb_use_builder":"","_et_pb_old_content":"","_et_gb_content_width":""},"product_brand":[],"product_cat":[1732,1731],"product_tag":[121,97,1734,1733,457,92],"class_list":{"0":"post-229829","1":"product","2":"type-product","3":"status-publish","4":"has-post-thumbnail","6":"product_cat-mittel-und-winkelbaender","7":"product_cat-torbeschlaege","8":"product_tag-mittelband","9":"product_tag-pollmann","10":"product_tag-scheunentor-beschlag","11":"product_tag-torband","12":"product_tag-torbeschlag","13":"product_tag-winkelband","14":"pa_varianten-winkelband-nr-17-20-400-x-1000-mm-feuerverzinkt","15":"pa_varianten-winkelband-nr-17-20-400-x-1000-mm-hell-verzinkt","16":"pa_varianten-winkelband-nr-17-20-400-x-800-mm-feuerverzinkt","17":"pa_varianten-winkelband-nr-17-20-400-x-800-mm-hell-verzinkt","18":"pa_varianten-winkelband-nr-17-20-600-x-1000-mm-feuerverzinkt","19":"pa_varianten-winkelband-nr-17-20-600-x-1000-mm-hell-verzinkt","21":"first","22":"instock","23":"purchasable","24":"product-type-variable"},"acf":[],"_links":{"self":[{"href":"https:\/\/pollmann.de\/fr\/wp-json\/wp\/v2\/product\/229829","targetHints":{"allow":["GET"]}}],"collection":[{"href":"https:\/\/pollmann.de\/fr\/wp-json\/wp\/v2\/product"}],"about":[{"href":"https:\/\/pollmann.de\/fr\/wp-json\/wp\/v2\/types\/product"}],"replies":[{"embeddable":true,"href":"https:\/\/pollmann.de\/fr\/wp-json\/wp\/v2\/comments?post=229829"}],"wp:featuredmedia":[{"embeddable":true,"href":"https:\/\/pollmann.de\/fr\/wp-json\/wp\/v2\/media\/227545"}],"wp:attachment":[{"href":"https:\/\/pollmann.de\/fr\/wp-json\/wp\/v2\/media?parent=229829"}],"wp:term":[{"taxonomy":"product_brand","embeddable":true,"href":"https:\/\/pollmann.de\/fr\/wp-json\/wp\/v2\/product_brand?post=229829"},{"taxonomy":"product_cat","embeddable":true,"href":"https:\/\/pollmann.de\/fr\/wp-json\/wp\/v2\/product_cat?post=229829"},{"taxonomy":"product_tag","embeddable":true,"href":"https:\/\/pollmann.de\/fr\/wp-json\/wp\/v2\/product_tag?post=229829"}],"curies":[{"name":"wp","href":"https:\/\/api.w.org\/{rel}","templated":true}]}}