{"id":229828,"date":"2022-03-10T14:36:23","date_gmt":"2022-03-10T13:36:23","guid":{"rendered":"https:\/\/pollmann.de\/produkt\/profilrolle-ko-40-80-mm-edelstahl\/"},"modified":"2022-03-10T14:36:54","modified_gmt":"2022-03-10T13:36:54","slug":"profilrolle-ko-40-80-mm-edelstahl","status":"publish","type":"product","link":"https:\/\/pollmann.de\/fr\/produit\/profilrolle-ko-40-80-mm-edelstahl\/","title":{"rendered":"Rouleau profil\u00e9 KO 40, 80 mm, acier inoxydable"},"content":{"rendered":"<p>En 2 parties, en acier profil\u00e9 \u00e9tir\u00e9 avec tige et rondelle en acier embouti, utilisable \u00e0 droite et \u00e0 gauche<\/p>","protected":false},"excerpt":{"rendered":"<p>En 2 parties, en acier profil\u00e9 \u00e9tir\u00e9 avec tige et rondelle en acier embouti, utilisable \u00e0 droite et \u00e0 gauche<\/p>","protected":false},"featured_media":227538,"comment_status":"closed","ping_status":"closed","template":"","meta":{"_acf_changed":false,"_et_pb_use_builder":"","_et_pb_old_content":"","_et_gb_content_width":""},"product_brand":[],"product_cat":[1916,1731],"product_tag":[1926,1933,1769],"class_list":{"0":"post-229828","1":"product","2":"type-product","3":"status-publish","4":"has-post-thumbnail","6":"product_cat-metall-torbeschlaege","7":"product_cat-torbeschlaege","8":"product_tag-konstruktionsband","9":"product_tag-metalltorbeschlag","10":"product_tag-zaunbeschlag","11":"pa_varianten-profilrolle-ko-40-80-mm-edelstahl","13":"first","14":"instock","15":"purchasable","16":"product-type-simple"},"acf":[],"_links":{"self":[{"href":"https:\/\/pollmann.de\/fr\/wp-json\/wp\/v2\/product\/229828","targetHints":{"allow":["GET"]}}],"collection":[{"href":"https:\/\/pollmann.de\/fr\/wp-json\/wp\/v2\/product"}],"about":[{"href":"https:\/\/pollmann.de\/fr\/wp-json\/wp\/v2\/types\/product"}],"replies":[{"embeddable":true,"href":"https:\/\/pollmann.de\/fr\/wp-json\/wp\/v2\/comments?post=229828"}],"wp:featuredmedia":[{"embeddable":true,"href":"https:\/\/pollmann.de\/fr\/wp-json\/wp\/v2\/media\/227538"}],"wp:attachment":[{"href":"https:\/\/pollmann.de\/fr\/wp-json\/wp\/v2\/media?parent=229828"}],"wp:term":[{"taxonomy":"product_brand","embeddable":true,"href":"https:\/\/pollmann.de\/fr\/wp-json\/wp\/v2\/product_brand?post=229828"},{"taxonomy":"product_cat","embeddable":true,"href":"https:\/\/pollmann.de\/fr\/wp-json\/wp\/v2\/product_cat?post=229828"},{"taxonomy":"product_tag","embeddable":true,"href":"https:\/\/pollmann.de\/fr\/wp-json\/wp\/v2\/product_tag?post=229828"}],"curies":[{"name":"wp","href":"https:\/\/api.w.org\/{rel}","templated":true}]}}