{"id":229825,"date":"2022-03-10T14:36:23","date_gmt":"2022-03-10T13:36:23","guid":{"rendered":"https:\/\/pollmann.de\/produkt\/stalltuerklinken-satz-zum-einschlagen\/"},"modified":"2022-03-10T14:37:19","modified_gmt":"2022-03-10T13:37:19","slug":"stalltuerklinken-satz-zum-einschlagen","status":"publish","type":"product","link":"https:\/\/pollmann.de\/fr\/produit\/stalltuerklinken-satz-zum-einschlagen\/","title":{"rendered":"Kit de poign\u00e9es de porte stables \u00e0 marteler"},"content":{"rendered":"<p>compos\u00e9 de : 1 levier \u00e0 cliquet de 250 mm de long, 1 crochet \u00e0 cliquet pour l&#039;enfoncement, 1 pince \u00e0 cliquet pour l&#039;enfoncement, 1 poign\u00e9e \u00e0 cliquet<\/p>","protected":false},"excerpt":{"rendered":"<p>compos\u00e9 de : 1 levier \u00e0 cliquet de 250 mm de long, 1 crochet \u00e0 cliquet pour l&#039;enfoncement, 1 pince \u00e0 cliquet pour l&#039;enfoncement, 1 poign\u00e9e \u00e0 cliquet<\/p>","protected":false},"featured_media":227698,"comment_status":"closed","ping_status":"closed","template":"","meta":{"_acf_changed":false,"_et_pb_use_builder":"","_et_pb_old_content":"","_et_gb_content_width":""},"product_brand":[],"product_cat":[1799,1731],"product_tag":[1812,1815,97,1816],"class_list":{"0":"post-229825","1":"product","2":"type-product","3":"status-publish","4":"has-post-thumbnail","6":"product_cat-stalltuerbeschlaege","7":"product_cat-torbeschlaege","8":"product_tag-klinkbeschlag","9":"product_tag-klinkhebel","10":"product_tag-pollmann","11":"product_tag-stalltuerbeschlag","12":"pa_varianten-stalltuerklinken-satz-zum-einschlagen-feuerverzinkt","13":"pa_varianten-stalltuerklinkensatz-zum-einschlagen-hell-verzinkt","15":"first","16":"instock","17":"purchasable","18":"product-type-variable"},"acf":[],"_links":{"self":[{"href":"https:\/\/pollmann.de\/fr\/wp-json\/wp\/v2\/product\/229825","targetHints":{"allow":["GET"]}}],"collection":[{"href":"https:\/\/pollmann.de\/fr\/wp-json\/wp\/v2\/product"}],"about":[{"href":"https:\/\/pollmann.de\/fr\/wp-json\/wp\/v2\/types\/product"}],"replies":[{"embeddable":true,"href":"https:\/\/pollmann.de\/fr\/wp-json\/wp\/v2\/comments?post=229825"}],"wp:featuredmedia":[{"embeddable":true,"href":"https:\/\/pollmann.de\/fr\/wp-json\/wp\/v2\/media\/227698"}],"wp:attachment":[{"href":"https:\/\/pollmann.de\/fr\/wp-json\/wp\/v2\/media?parent=229825"}],"wp:term":[{"taxonomy":"product_brand","embeddable":true,"href":"https:\/\/pollmann.de\/fr\/wp-json\/wp\/v2\/product_brand?post=229825"},{"taxonomy":"product_cat","embeddable":true,"href":"https:\/\/pollmann.de\/fr\/wp-json\/wp\/v2\/product_cat?post=229825"},{"taxonomy":"product_tag","embeddable":true,"href":"https:\/\/pollmann.de\/fr\/wp-json\/wp\/v2\/product_tag?post=229825"}],"curies":[{"name":"wp","href":"https:\/\/api.w.org\/{rel}","templated":true}]}}