{"id":229805,"date":"2022-03-10T14:36:23","date_gmt":"2022-03-10T13:36:23","guid":{"rendered":"https:\/\/pollmann.de\/produkt\/gartentorverschluss\/"},"modified":"2022-03-10T14:36:50","modified_gmt":"2022-03-10T13:36:50","slug":"gartentorverschluss","status":"publish","type":"product","link":"https:\/\/pollmann.de\/fr\/produit\/gartentorverschluss\/","title":{"rendered":"Serrure de portail de jardin"},"content":{"rendered":"<p>Peut \u00eatre utilis\u00e9 \u00e0 droite et \u00e0 gauche<\/p>","protected":false},"excerpt":{"rendered":"<p>Peut \u00eatre utilis\u00e9 \u00e0 droite et \u00e0 gauche<\/p>","protected":false},"featured_media":227640,"comment_status":"closed","ping_status":"closed","template":"","meta":{"_acf_changed":false,"_et_pb_use_builder":"","_et_pb_old_content":"","_et_gb_content_width":""},"product_brand":[],"product_cat":[1731,1843],"product_tag":[458,1859],"class_list":{"0":"post-229805","1":"product","2":"type-product","3":"status-publish","4":"has-post-thumbnail","6":"product_cat-torbeschlaege","7":"product_cat-torverschluesse","8":"product_tag-torverschluss","9":"product_tag-verschluss-fuer-gartentore","10":"pa_varianten-gartentorverschluss","12":"first","13":"instock","14":"purchasable","15":"product-type-simple"},"acf":[],"_links":{"self":[{"href":"https:\/\/pollmann.de\/fr\/wp-json\/wp\/v2\/product\/229805","targetHints":{"allow":["GET"]}}],"collection":[{"href":"https:\/\/pollmann.de\/fr\/wp-json\/wp\/v2\/product"}],"about":[{"href":"https:\/\/pollmann.de\/fr\/wp-json\/wp\/v2\/types\/product"}],"replies":[{"embeddable":true,"href":"https:\/\/pollmann.de\/fr\/wp-json\/wp\/v2\/comments?post=229805"}],"wp:featuredmedia":[{"embeddable":true,"href":"https:\/\/pollmann.de\/fr\/wp-json\/wp\/v2\/media\/227640"}],"wp:attachment":[{"href":"https:\/\/pollmann.de\/fr\/wp-json\/wp\/v2\/media?parent=229805"}],"wp:term":[{"taxonomy":"product_brand","embeddable":true,"href":"https:\/\/pollmann.de\/fr\/wp-json\/wp\/v2\/product_brand?post=229805"},{"taxonomy":"product_cat","embeddable":true,"href":"https:\/\/pollmann.de\/fr\/wp-json\/wp\/v2\/product_cat?post=229805"},{"taxonomy":"product_tag","embeddable":true,"href":"https:\/\/pollmann.de\/fr\/wp-json\/wp\/v2\/product_tag?post=229805"}],"curies":[{"name":"wp","href":"https:\/\/api.w.org\/{rel}","templated":true}]}}