{"id":229802,"date":"2022-03-10T14:36:23","date_gmt":"2022-03-10T13:36:23","guid":{"rendered":"https:\/\/pollmann.de\/produkt\/winkelband-fuer-rahmentore\/"},"modified":"2022-03-10T14:37:20","modified_gmt":"2022-03-10T13:37:20","slug":"winkelband-fuer-rahmentore","status":"publish","type":"product","link":"https:\/\/pollmann.de\/fr\/produit\/winkelband-fuer-rahmentore\/","title":{"rendered":"Charni\u00e8re d&#039;angle pour portails \u00e0 cadre"},"content":{"rendered":"<p>Extr\u00e9mit\u00e9s pointues, rouleau renforc\u00e9 pour 16 mandrins en mat\u00e9riau 45 x 6 mm<\/p>","protected":false},"excerpt":{"rendered":"<p>Extr\u00e9mit\u00e9s pointues, rouleau renforc\u00e9 pour 16 mandrins en mat\u00e9riau 45 x 6 mm<\/p>","protected":false},"featured_media":227554,"comment_status":"closed","ping_status":"closed","template":"","meta":{"_acf_changed":false,"_et_pb_use_builder":"","_et_pb_old_content":"","_et_gb_content_width":""},"product_brand":[],"product_cat":[1732,1731],"product_tag":[1738,121,97,1733,457,1737,92],"class_list":{"0":"post-229802","1":"product","2":"type-product","3":"status-publish","4":"has-post-thumbnail","6":"product_cat-mittel-und-winkelbaender","7":"product_cat-torbeschlaege","8":"product_tag-haustuer-beschlag","9":"product_tag-mittelband","10":"product_tag-pollmann","11":"product_tag-torband","12":"product_tag-torbeschlag","13":"product_tag-tuerbeschlag","14":"product_tag-winkelband","15":"pa_varianten-winkelband-13-250-x-400-mm-feuerverzinkt","16":"pa_varianten-winkelband-13-250-x-400-mm-hell-verzinkt","17":"pa_varianten-winkelband-16-250-x-600-mm-feuerverzinkt","18":"pa_varianten-winkelband-16-250-x-600-mm-hell-verzinkt","20":"first","21":"instock","22":"purchasable","23":"product-type-variable"},"acf":[],"_links":{"self":[{"href":"https:\/\/pollmann.de\/fr\/wp-json\/wp\/v2\/product\/229802","targetHints":{"allow":["GET"]}}],"collection":[{"href":"https:\/\/pollmann.de\/fr\/wp-json\/wp\/v2\/product"}],"about":[{"href":"https:\/\/pollmann.de\/fr\/wp-json\/wp\/v2\/types\/product"}],"replies":[{"embeddable":true,"href":"https:\/\/pollmann.de\/fr\/wp-json\/wp\/v2\/comments?post=229802"}],"wp:featuredmedia":[{"embeddable":true,"href":"https:\/\/pollmann.de\/fr\/wp-json\/wp\/v2\/media\/227554"}],"wp:attachment":[{"href":"https:\/\/pollmann.de\/fr\/wp-json\/wp\/v2\/media?parent=229802"}],"wp:term":[{"taxonomy":"product_brand","embeddable":true,"href":"https:\/\/pollmann.de\/fr\/wp-json\/wp\/v2\/product_brand?post=229802"},{"taxonomy":"product_cat","embeddable":true,"href":"https:\/\/pollmann.de\/fr\/wp-json\/wp\/v2\/product_cat?post=229802"},{"taxonomy":"product_tag","embeddable":true,"href":"https:\/\/pollmann.de\/fr\/wp-json\/wp\/v2\/product_tag?post=229802"}],"curies":[{"name":"wp","href":"https:\/\/api.w.org\/{rel}","templated":true}]}}