{"id":229794,"date":"2022-03-10T14:36:23","date_gmt":"2022-03-10T13:36:23","guid":{"rendered":"https:\/\/pollmann.de\/produkt\/auflaufstuetze-zum-aufduebeln-feuerverzinkt\/"},"modified":"2022-03-10T14:36:47","modified_gmt":"2022-03-10T13:36:47","slug":"auflaufstuetze-zum-aufduebeln-feuerverzinkt","status":"publish","type":"product","link":"https:\/\/pollmann.de\/fr\/produit\/auflaufstuetze-zum-aufduebeln-feuerverzinkt\/","title":{"rendered":"Support pour chevilles, galvanis\u00e9 \u00e0 chaud"},"content":{"rendered":"<p>Assemblage facile sans b\u00e9tonnage, y compris vis et chevilles<\/p>","protected":false},"excerpt":{"rendered":"<p>Assemblage facile sans b\u00e9tonnage, y compris vis et chevilles<\/p>","protected":false},"featured_media":227654,"comment_status":"closed","ping_status":"closed","template":"","meta":{"_acf_changed":false,"_et_pb_use_builder":"","_et_pb_old_content":"","_et_gb_content_width":""},"product_brand":[],"product_cat":[1731,2026],"product_tag":[2233,1152,1875,1110],"class_list":{"0":"post-229794","1":"product","2":"type-product","3":"status-publish","4":"has-post-thumbnail","6":"product_cat-torbeschlaege","7":"product_cat-torfeststeller","8":"product_tag-auflaufstuetze","9":"product_tag-feuerverzinkt","10":"product_tag-toranschlag","11":"product_tag-zum-aufduebeln","12":"pa_varianten-auflaufstuetze-zum-aufduebeln-feuerverzinkt","14":"first","15":"instock","16":"purchasable","17":"product-type-simple"},"acf":[],"_links":{"self":[{"href":"https:\/\/pollmann.de\/fr\/wp-json\/wp\/v2\/product\/229794","targetHints":{"allow":["GET"]}}],"collection":[{"href":"https:\/\/pollmann.de\/fr\/wp-json\/wp\/v2\/product"}],"about":[{"href":"https:\/\/pollmann.de\/fr\/wp-json\/wp\/v2\/types\/product"}],"replies":[{"embeddable":true,"href":"https:\/\/pollmann.de\/fr\/wp-json\/wp\/v2\/comments?post=229794"}],"wp:featuredmedia":[{"embeddable":true,"href":"https:\/\/pollmann.de\/fr\/wp-json\/wp\/v2\/media\/227654"}],"wp:attachment":[{"href":"https:\/\/pollmann.de\/fr\/wp-json\/wp\/v2\/media?parent=229794"}],"wp:term":[{"taxonomy":"product_brand","embeddable":true,"href":"https:\/\/pollmann.de\/fr\/wp-json\/wp\/v2\/product_brand?post=229794"},{"taxonomy":"product_cat","embeddable":true,"href":"https:\/\/pollmann.de\/fr\/wp-json\/wp\/v2\/product_cat?post=229794"},{"taxonomy":"product_tag","embeddable":true,"href":"https:\/\/pollmann.de\/fr\/wp-json\/wp\/v2\/product_tag?post=229794"}],"curies":[{"name":"wp","href":"https:\/\/api.w.org\/{rel}","templated":true}]}}