{"id":229792,"date":"2022-03-10T14:36:23","date_gmt":"2022-03-10T13:36:23","guid":{"rendered":"https:\/\/pollmann.de\/produkt\/beschlagsortiment-rahmen-doppeltore\/"},"modified":"2022-03-10T14:37:53","modified_gmt":"2022-03-10T13:37:53","slug":"beschlagsortiment-rahmen-doppeltore","status":"publish","type":"product","link":"https:\/\/pollmann.de\/fr\/produit\/beschlagsortiment-rahmen-doppeltore\/","title":{"rendered":"Gamme de ferrures pour huisseries doubles"},"content":{"rendered":"<p>gamme compl\u00e8te de ferrures pour l&#039;installation d&#039;un portail double \u00e0 dormant,<br \/>\ncompos\u00e9 de : 4 charni\u00e8res de volet 16\/700, 4 crochets D1\/16, 1 serrure \u00e0 mortaise utilisable \u00e0 droite et \u00e0 gauche, 1 g\u00e2che d&#039;arr\u00eat r\u00e9glable, 1 coulisseau de sol, 1 assortiment de vis ; emball\u00e9 dans du carton<\/p>","protected":false},"excerpt":{"rendered":"<p>gamme compl\u00e8te de ferrures pour l&#039;installation d&#039;un portail double \u00e0 dormant,<br \/>\ncompos\u00e9 de : 4 charni\u00e8res de volet 16\/700, 4 crochets D1\/16, 1 serrure \u00e0 mortaise utilisable \u00e0 droite et \u00e0 gauche, 1 g\u00e2che d&#039;arr\u00eat r\u00e9glable, 1 coulisseau de sol, 1 assortiment de vis ; emball\u00e9 dans du carton<\/p>","protected":false},"featured_media":227599,"comment_status":"closed","ping_status":"closed","template":"","meta":{"_acf_changed":false,"_et_pb_use_builder":"","_et_pb_old_content":"","_et_gb_content_width":""},"product_brand":[],"product_cat":[2013,1731],"product_tag":[2020,2021,2017,2018,794,2014,457,2015],"class_list":{"0":"post-229792","1":"product","2":"type-product","3":"status-publish","4":"has-post-thumbnail","6":"product_cat-beschlagsortimente","7":"product_cat-torbeschlaege","8":"product_tag-beschlagsortiment","9":"product_tag-doppeltor","10":"product_tag-haken-d1","11":"product_tag-kloben-auf-platte","12":"product_tag-ladenband","13":"product_tag-rahmentor","14":"product_tag-torbeschlag","15":"product_tag-vorgartentor","16":"pa_varianten-beschlagsortiment-fuer-rahmen-doppeltor-bb-hell-verzinkt","17":"pa_varianten-beschlagsortiment-fuer-rahmen-doppeltore-bb-feuerverzinkt","18":"pa_varianten-beschlagsortiment-fuer-rahmen-doppeltore-pz-feuerverzinkt","19":"pa_varianten-beschlagsortiment-fuer-rahmen-doppeltore-pz-hell-verzinkt","21":"first","22":"instock","23":"purchasable","24":"product-type-variable"},"acf":[],"_links":{"self":[{"href":"https:\/\/pollmann.de\/fr\/wp-json\/wp\/v2\/product\/229792","targetHints":{"allow":["GET"]}}],"collection":[{"href":"https:\/\/pollmann.de\/fr\/wp-json\/wp\/v2\/product"}],"about":[{"href":"https:\/\/pollmann.de\/fr\/wp-json\/wp\/v2\/types\/product"}],"replies":[{"embeddable":true,"href":"https:\/\/pollmann.de\/fr\/wp-json\/wp\/v2\/comments?post=229792"}],"wp:featuredmedia":[{"embeddable":true,"href":"https:\/\/pollmann.de\/fr\/wp-json\/wp\/v2\/media\/227599"}],"wp:attachment":[{"href":"https:\/\/pollmann.de\/fr\/wp-json\/wp\/v2\/media?parent=229792"}],"wp:term":[{"taxonomy":"product_brand","embeddable":true,"href":"https:\/\/pollmann.de\/fr\/wp-json\/wp\/v2\/product_brand?post=229792"},{"taxonomy":"product_cat","embeddable":true,"href":"https:\/\/pollmann.de\/fr\/wp-json\/wp\/v2\/product_cat?post=229792"},{"taxonomy":"product_tag","embeddable":true,"href":"https:\/\/pollmann.de\/fr\/wp-json\/wp\/v2\/product_tag?post=229792"}],"curies":[{"name":"wp","href":"https:\/\/api.w.org\/{rel}","templated":true}]}}