{"id":229790,"date":"2022-03-10T14:36:23","date_gmt":"2022-03-10T13:36:23","guid":{"rendered":"https:\/\/pollmann.de\/produkt\/ladenban-torband-rolle-20-mm\/"},"modified":"2022-03-10T14:37:57","modified_gmt":"2022-03-10T13:37:57","slug":"ladenban-torband-rolle-20-mm","status":"publish","type":"product","link":"https:\/\/pollmann.de\/fr\/produit\/ladenban-torband-rolle-20-mm\/","title":{"rendered":"Interdiction de magasin (charni\u00e8re de portail) rouleau 20 mm"},"content":{"rendered":"<p>Extr\u00e9mit\u00e9 pointue, distance du centre du rouleau au centre du trou carr\u00e9 = 115 mm<\/p>","protected":false},"excerpt":{"rendered":"<p>Extr\u00e9mit\u00e9 pointue, distance du centre du rouleau au centre du trou carr\u00e9 = 115 mm<\/p>","protected":false},"featured_media":227541,"comment_status":"closed","ping_status":"closed","template":"","meta":{"_acf_changed":false,"_et_pb_use_builder":"","_et_pb_old_content":"","_et_gb_content_width":""},"product_brand":[],"product_cat":[1946,1731],"product_tag":[794,1747,97,1733,457,467],"class_list":{"0":"post-229790","1":"product","2":"type-product","3":"status-publish","4":"has-post-thumbnail","6":"product_cat-ladenbaender","7":"product_cat-torbeschlaege","8":"product_tag-ladenband","9":"product_tag-langband","10":"product_tag-pollmann","11":"product_tag-torband","12":"product_tag-torbeschlag","13":"product_tag-tuerband","14":"pa_varianten-ladenband-20-600-mm-torband-hell-verzinkt","15":"pa_varianten-ladenband-20-800-mm-torband-hell-verzinkt","16":"pa_varianten-ladenband-20-1000-mm-torband-feuerverzinkt","17":"pa_varianten-ladenband-20-1000-mm-torband-hell-verzinkt","18":"pa_varianten-ladenband-20-1200-mm-torband-feuerverzinkt","19":"pa_varianten-ladenband-20-1200-mm-torband-hell-verzinkt","20":"pa_varianten-ladenband-20-1400-mm-torband-feuerverzinkt","21":"pa_varianten-ladenband-20-1400-mm-torband-hell-verzinkt","22":"pa_varianten-ladenband-20-1600-mm-torband-feuerverzinkt","23":"pa_varianten-ladenband-20-1600-mm-torband-hell-verzinkt","24":"pa_varianten-ladenband-20-2000-mm-torband-feuerverzinkt","25":"pa_varianten-ladenband-20-2000-mm-torband-hell-verzinkt","26":"pa_varianten-ladenband-20-600-mm-torband-feuerverzinkt","27":"pa_varianten-ladenband-20-800-mm-torband-feuerverzinkt","29":"first","30":"instock","31":"purchasable","32":"product-type-variable"},"acf":[],"_links":{"self":[{"href":"https:\/\/pollmann.de\/fr\/wp-json\/wp\/v2\/product\/229790","targetHints":{"allow":["GET"]}}],"collection":[{"href":"https:\/\/pollmann.de\/fr\/wp-json\/wp\/v2\/product"}],"about":[{"href":"https:\/\/pollmann.de\/fr\/wp-json\/wp\/v2\/types\/product"}],"replies":[{"embeddable":true,"href":"https:\/\/pollmann.de\/fr\/wp-json\/wp\/v2\/comments?post=229790"}],"wp:featuredmedia":[{"embeddable":true,"href":"https:\/\/pollmann.de\/fr\/wp-json\/wp\/v2\/media\/227541"}],"wp:attachment":[{"href":"https:\/\/pollmann.de\/fr\/wp-json\/wp\/v2\/media?parent=229790"}],"wp:term":[{"taxonomy":"product_brand","embeddable":true,"href":"https:\/\/pollmann.de\/fr\/wp-json\/wp\/v2\/product_brand?post=229790"},{"taxonomy":"product_cat","embeddable":true,"href":"https:\/\/pollmann.de\/fr\/wp-json\/wp\/v2\/product_cat?post=229790"},{"taxonomy":"product_tag","embeddable":true,"href":"https:\/\/pollmann.de\/fr\/wp-json\/wp\/v2\/product_tag?post=229790"}],"curies":[{"name":"wp","href":"https:\/\/api.w.org\/{rel}","templated":true}]}}