{"id":229788,"date":"2022-03-10T14:36:23","date_gmt":"2022-03-10T13:36:23","guid":{"rendered":"https:\/\/pollmann.de\/produkt\/plattenhaken-d4-1-fach-verstellbar\/"},"modified":"2022-03-10T14:37:30","modified_gmt":"2022-03-10T13:37:30","slug":"plattenhaken-d4-1-fach-verstellbar","status":"publish","type":"product","link":"https:\/\/pollmann.de\/fr\/produit\/plattenhaken-d4-1-fach-verstellbar\/","title":{"rendered":"Crochet pour plaque D4, r\u00e9glable dans un sens"},"content":{"rendered":"<p>Pince \u00e0 plaque \u00e0 visser, \u00e9cartement des mandrins r\u00e9glable par filetage m\u00e9trique<\/p>","protected":false},"excerpt":{"rendered":"<p>Pince \u00e0 plaque \u00e0 visser, \u00e9cartement des mandrins r\u00e9glable par filetage m\u00e9trique<\/p>","protected":false},"featured_media":227513,"comment_status":"closed","ping_status":"closed","template":"","meta":{"_acf_changed":false,"_et_pb_use_builder":"","_et_pb_old_content":"","_et_gb_content_width":""},"product_brand":[],"product_cat":[2746,2747,1731],"product_tag":[752,753,85,769,750,84,770,751,97],"class_list":{"0":"post-229788","1":"product","2":"type-product","3":"status-publish","4":"has-post-thumbnail","6":"product_cat-haken-kloben-torbeschlaege","7":"product_cat-plattenkloben","8":"product_cat-torbeschlaege","9":"product_tag-aufschraubhaken","10":"product_tag-aufschraubkloben","11":"product_tag-haken","12":"product_tag-haken-verstellbar","13":"product_tag-haken-zum-aufschrauben","14":"product_tag-kloben","15":"product_tag-kloben-verstellbar","16":"product_tag-kloben-zum-aufschrauben","17":"product_tag-pollmann","18":"pa_varianten-haken-d4-13-1-fach-verstellbar-hell-verzinkt","19":"pa_varianten-haken-d4-16-1-fach-verstellbar-hell-verzinkt","21":"first","22":"instock","23":"purchasable","24":"product-type-variable"},"acf":[],"_links":{"self":[{"href":"https:\/\/pollmann.de\/fr\/wp-json\/wp\/v2\/product\/229788","targetHints":{"allow":["GET"]}}],"collection":[{"href":"https:\/\/pollmann.de\/fr\/wp-json\/wp\/v2\/product"}],"about":[{"href":"https:\/\/pollmann.de\/fr\/wp-json\/wp\/v2\/types\/product"}],"replies":[{"embeddable":true,"href":"https:\/\/pollmann.de\/fr\/wp-json\/wp\/v2\/comments?post=229788"}],"wp:featuredmedia":[{"embeddable":true,"href":"https:\/\/pollmann.de\/fr\/wp-json\/wp\/v2\/media\/227513"}],"wp:attachment":[{"href":"https:\/\/pollmann.de\/fr\/wp-json\/wp\/v2\/media?parent=229788"}],"wp:term":[{"taxonomy":"product_brand","embeddable":true,"href":"https:\/\/pollmann.de\/fr\/wp-json\/wp\/v2\/product_brand?post=229788"},{"taxonomy":"product_cat","embeddable":true,"href":"https:\/\/pollmann.de\/fr\/wp-json\/wp\/v2\/product_cat?post=229788"},{"taxonomy":"product_tag","embeddable":true,"href":"https:\/\/pollmann.de\/fr\/wp-json\/wp\/v2\/product_tag?post=229788"}],"curies":[{"name":"wp","href":"https:\/\/api.w.org\/{rel}","templated":true}]}}