{"id":229786,"date":"2022-03-10T14:36:23","date_gmt":"2022-03-10T13:36:23","guid":{"rendered":"https:\/\/pollmann.de\/produkt\/haken-d5-r-2-fach-verstellbar-randgehaemmert\/"},"modified":"2022-03-10T14:37:48","modified_gmt":"2022-03-10T13:37:48","slug":"haken-d5-r-2-fach-verstellbar-randgehaemmert","status":"publish","type":"product","link":"https:\/\/pollmann.de\/fr\/produit\/haken-d5-r-2-fach-verstellbar-randgehaemmert\/","title":{"rendered":"Crochet D5 R, r\u00e9glable en 2 directions, bord martel\u00e9"},"content":{"rendered":"<p>Pince \u00e0 plaque \u00e0 visser avec martelage des bords, r\u00e9glable dans 2 directions gr\u00e2ce au filetage m\u00e9trique et \u00e0 fente, facilite le montage et le r\u00e9glage ult\u00e9rieur<\/p>","protected":false},"excerpt":{"rendered":"<p>Pince \u00e0 plaque \u00e0 visser avec martelage des bords, r\u00e9glable dans 2 directions gr\u00e2ce au filetage m\u00e9trique et \u00e0 fente, facilite le montage et le r\u00e9glage ult\u00e9rieur<\/p>","protected":false},"featured_media":228038,"comment_status":"closed","ping_status":"closed","template":"","meta":{"_acf_changed":false,"_et_pb_use_builder":"","_et_pb_old_content":"","_et_gb_content_width":""},"product_brand":[],"product_cat":[1957,1731],"product_tag":[752,753,1021,1980,85,769,750,84,770,751,97,1971,1970],"class_list":{"0":"post-229786","1":"product","2":"type-product","3":"status-publish","4":"has-post-thumbnail","6":"product_cat-mit-randhaemmerung","7":"product_cat-torbeschlaege","8":"product_tag-aufschraubhaken","9":"product_tag-aufschraubkloben","10":"product_tag-dorn-o-13-mm","11":"product_tag-geschmiedet","12":"product_tag-haken","13":"product_tag-haken-verstellbar","14":"product_tag-haken-zum-aufschrauben","15":"product_tag-kloben","16":"product_tag-kloben-verstellbar","17":"product_tag-kloben-zum-aufschrauben","18":"product_tag-pollmann","19":"product_tag-randgehaemmert","20":"product_tag-randhaemmerung","21":"pa_varianten-haken-d5-r-13-verstellbar-randgehaemmert","22":"pa_varianten-haken-d5-r-16-verstellbar-randgehaemmert","23":"pa_varianten-haken-d5-r-20-mm-verstellbar-randgehaemmert","25":"first","26":"instock","27":"purchasable","28":"product-type-variable"},"acf":[],"_links":{"self":[{"href":"https:\/\/pollmann.de\/fr\/wp-json\/wp\/v2\/product\/229786","targetHints":{"allow":["GET"]}}],"collection":[{"href":"https:\/\/pollmann.de\/fr\/wp-json\/wp\/v2\/product"}],"about":[{"href":"https:\/\/pollmann.de\/fr\/wp-json\/wp\/v2\/types\/product"}],"replies":[{"embeddable":true,"href":"https:\/\/pollmann.de\/fr\/wp-json\/wp\/v2\/comments?post=229786"}],"wp:featuredmedia":[{"embeddable":true,"href":"https:\/\/pollmann.de\/fr\/wp-json\/wp\/v2\/media\/228038"}],"wp:attachment":[{"href":"https:\/\/pollmann.de\/fr\/wp-json\/wp\/v2\/media?parent=229786"}],"wp:term":[{"taxonomy":"product_brand","embeddable":true,"href":"https:\/\/pollmann.de\/fr\/wp-json\/wp\/v2\/product_brand?post=229786"},{"taxonomy":"product_cat","embeddable":true,"href":"https:\/\/pollmann.de\/fr\/wp-json\/wp\/v2\/product_cat?post=229786"},{"taxonomy":"product_tag","embeddable":true,"href":"https:\/\/pollmann.de\/fr\/wp-json\/wp\/v2\/product_tag?post=229786"}],"curies":[{"name":"wp","href":"https:\/\/api.w.org\/{rel}","templated":true}]}}