{"id":229783,"date":"2022-03-10T14:36:23","date_gmt":"2022-03-10T13:36:23","guid":{"rendered":"https:\/\/pollmann.de\/produkt\/klinkhebel-mit-verschlussoese\/"},"modified":"2022-03-28T12:22:42","modified_gmt":"2022-03-28T10:22:42","slug":"klinkhebel-mit-verschlussoese","status":"publish","type":"product","link":"https:\/\/pollmann.de\/fr\/produit\/klinkhebel-mit-verschlussoese\/","title":{"rendered":"Levier de verrouillage avec \u0153illet de verrouillage"},"content":{"rendered":"<p>Peut \u00eatre utilis\u00e9 \u00e0 gauche et \u00e0 droite, \u00e0 utiliser avec des crochets de verrouillage<\/p>","protected":false},"excerpt":{"rendered":"<p>Peut \u00eatre utilis\u00e9 \u00e0 gauche et \u00e0 droite, \u00e0 utiliser avec des crochets de verrouillage<\/p>","protected":false},"featured_media":227679,"comment_status":"closed","ping_status":"closed","template":"","meta":{"_acf_changed":false,"_et_pb_use_builder":"","_et_pb_old_content":"","_et_gb_content_width":""},"product_brand":[],"product_cat":[1799,1731],"product_tag":[1812,1815,97,1816],"class_list":{"0":"post-229783","1":"product","2":"type-product","3":"status-publish","4":"has-post-thumbnail","6":"product_cat-stalltuerbeschlaege","7":"product_cat-torbeschlaege","8":"product_tag-klinkbeschlag","9":"product_tag-klinkhebel","10":"product_tag-pollmann","11":"product_tag-stalltuerbeschlag","12":"pa_varianten-klinkhebel-250-mm-mit-verschlussoese-feuerverzinkt","13":"pa_varianten-klinkhebel-250-mm-mit-verschlussoese-hell-verzinkt","14":"pa_varianten-klinkhebel-300-mm-mit-verschlussoese-feuerverzinkt","15":"pa_varianten-klinkhebel-300-mm-mit-verschlussoese-hell-verzinkt","17":"first","18":"instock","19":"purchasable","20":"product-type-variable"},"acf":[],"_links":{"self":[{"href":"https:\/\/pollmann.de\/fr\/wp-json\/wp\/v2\/product\/229783","targetHints":{"allow":["GET"]}}],"collection":[{"href":"https:\/\/pollmann.de\/fr\/wp-json\/wp\/v2\/product"}],"about":[{"href":"https:\/\/pollmann.de\/fr\/wp-json\/wp\/v2\/types\/product"}],"replies":[{"embeddable":true,"href":"https:\/\/pollmann.de\/fr\/wp-json\/wp\/v2\/comments?post=229783"}],"wp:featuredmedia":[{"embeddable":true,"href":"https:\/\/pollmann.de\/fr\/wp-json\/wp\/v2\/media\/227679"}],"wp:attachment":[{"href":"https:\/\/pollmann.de\/fr\/wp-json\/wp\/v2\/media?parent=229783"}],"wp:term":[{"taxonomy":"product_brand","embeddable":true,"href":"https:\/\/pollmann.de\/fr\/wp-json\/wp\/v2\/product_brand?post=229783"},{"taxonomy":"product_cat","embeddable":true,"href":"https:\/\/pollmann.de\/fr\/wp-json\/wp\/v2\/product_cat?post=229783"},{"taxonomy":"product_tag","embeddable":true,"href":"https:\/\/pollmann.de\/fr\/wp-json\/wp\/v2\/product_tag?post=229783"}],"curies":[{"name":"wp","href":"https:\/\/api.w.org\/{rel}","templated":true}]}}