{"id":229782,"date":"2022-03-10T14:36:23","date_gmt":"2022-03-10T13:36:23","guid":{"rendered":"https:\/\/pollmann.de\/produkt\/auflaufstuetze-zum-einbetonieren\/"},"modified":"2022-03-10T14:37:14","modified_gmt":"2022-03-10T13:37:14","slug":"auflaufstuetze-zum-einbetonieren","status":"publish","type":"product","link":"https:\/\/pollmann.de\/fr\/produit\/auflaufstuetze-zum-einbetonieren\/","title":{"rendered":"Support \u00e0 la mise en b\u00e9ton"},"content":{"rendered":"<p>avec 2 vis \u00e0 six pans M10 x 120 mm et 2 \u00e9crous M10, hauteur 55 mm, hauteur de but\u00e9e 23 mm<\/p>","protected":false},"excerpt":{"rendered":"<p>avec 2 vis \u00e0 six pans M10 x 120 mm et 2 \u00e9crous M10, hauteur 55 mm, hauteur de but\u00e9e 23 mm<\/p>","protected":false},"featured_media":227652,"comment_status":"closed","ping_status":"closed","template":"","meta":{"_acf_changed":false,"_et_pb_use_builder":"","_et_pb_old_content":"","_et_gb_content_width":""},"product_brand":[],"product_cat":[1731,2026],"product_tag":[1903,1862,2037,97,1875],"class_list":{"0":"post-229782","1":"product","2":"type-product","3":"status-publish","4":"has-post-thumbnail","6":"product_cat-torbeschlaege","7":"product_cat-torfeststeller","8":"product_tag-auflaufstuetze-zum-einbetonieren","9":"product_tag-blau-verzinkt","10":"product_tag-hellverzinkt","11":"product_tag-pollmann","12":"product_tag-toranschlag","13":"pa_varianten-auflaufstuetze-zum-einbetonieren","14":"pa_varianten-auflaufstuetze-zum-einbetonieren-feuerverzinkt","16":"first","17":"instock","18":"purchasable","19":"product-type-variable"},"acf":[],"_links":{"self":[{"href":"https:\/\/pollmann.de\/fr\/wp-json\/wp\/v2\/product\/229782","targetHints":{"allow":["GET"]}}],"collection":[{"href":"https:\/\/pollmann.de\/fr\/wp-json\/wp\/v2\/product"}],"about":[{"href":"https:\/\/pollmann.de\/fr\/wp-json\/wp\/v2\/types\/product"}],"replies":[{"embeddable":true,"href":"https:\/\/pollmann.de\/fr\/wp-json\/wp\/v2\/comments?post=229782"}],"wp:featuredmedia":[{"embeddable":true,"href":"https:\/\/pollmann.de\/fr\/wp-json\/wp\/v2\/media\/227652"}],"wp:attachment":[{"href":"https:\/\/pollmann.de\/fr\/wp-json\/wp\/v2\/media?parent=229782"}],"wp:term":[{"taxonomy":"product_brand","embeddable":true,"href":"https:\/\/pollmann.de\/fr\/wp-json\/wp\/v2\/product_brand?post=229782"},{"taxonomy":"product_cat","embeddable":true,"href":"https:\/\/pollmann.de\/fr\/wp-json\/wp\/v2\/product_cat?post=229782"},{"taxonomy":"product_tag","embeddable":true,"href":"https:\/\/pollmann.de\/fr\/wp-json\/wp\/v2\/product_tag?post=229782"}],"curies":[{"name":"wp","href":"https:\/\/api.w.org\/{rel}","templated":true}]}}