{"id":229775,"date":"2022-03-10T14:36:23","date_gmt":"2022-03-10T13:36:23","guid":{"rendered":"https:\/\/pollmann.de\/produkt\/plattenhaken-d3\/"},"modified":"2022-03-10T14:38:03","modified_gmt":"2022-03-10T13:38:03","slug":"plattenhaken-d3","status":"publish","type":"product","link":"https:\/\/pollmann.de\/fr\/produit\/plattenhaken-d3\/","title":{"rendered":"Crochet \u00e0 plaque D3"},"content":{"rendered":"<p>Bloc de plaque \u00e0 visser, plaque de base bord\u00e9e, distance entre plaque et mandrin. \u00c0 visser sur bois ou ma\u00e7onnerie, convient pour charni\u00e8res de volet, charni\u00e8res d&#039;angle et charni\u00e8res centrales.<\/p>","protected":false},"excerpt":{"rendered":"<p>Bloc de plaque \u00e0 visser, plaque de base bord\u00e9e, distance entre plaque et mandrin. \u00c0 visser sur bois ou ma\u00e7onnerie, convient pour charni\u00e8res de volet, charni\u00e8res d&#039;angle et charni\u00e8res centrales.<\/p>","protected":false},"featured_media":227477,"comment_status":"closed","ping_status":"closed","template":"","meta":{"_acf_changed":false,"_et_pb_use_builder":"","_et_pb_old_content":"","_et_gb_content_width":""},"product_brand":[],"product_cat":[2746,2747,1731],"product_tag":[771,85,750,84,751,754,755,97],"class_list":{"0":"post-229775","1":"product","2":"type-product","3":"status-publish","4":"has-post-thumbnail","6":"product_cat-haken-kloben-torbeschlaege","7":"product_cat-plattenkloben","8":"product_cat-torbeschlaege","9":"product_tag-dorn-o-10-mm","10":"product_tag-haken","11":"product_tag-haken-zum-aufschrauben","12":"product_tag-kloben","13":"product_tag-kloben-zum-aufschrauben","14":"product_tag-plattenhaken","15":"product_tag-plattenkloben","16":"product_tag-pollmann","17":"pa_varianten-haken-d3-10-abst-20-mm-kaentig-hell-verzinkt","18":"pa_varianten-haken-d3-10-abst-7-mm-kaentig-hell-verzinkt","19":"pa_varianten-haken-d3-12-abst-24-mm-kaentig-hell-verzinkt","20":"pa_varianten-haken-d3-12-abst-9-mm-kaentig-hell-verzinkt","21":"pa_varianten-haken-d3-13-abst-25-mm-kaentig-hell-verzinkt","22":"pa_varianten-haken-d3-13-abst-9-mm-kaentig-hell-verzinkt","23":"pa_varianten-haken-d3-14-abst-28-mm-kaentig-hell-verzinkt","24":"pa_varianten-haken-d3-14-abst-8-mm-kaentig-hell-verzinkt","25":"pa_varianten-haken-d3-16-abst-10-mm-kaentig-hell-verzinkt","26":"pa_varianten-haken-d3-16-abst-25-mm-kaentig-hell-verzinkt","27":"pa_varianten-haken-d3-20-abst-20-mm-kaentig-hell-verzinkt","29":"first","30":"instock","31":"purchasable","32":"product-type-variable"},"acf":[],"_links":{"self":[{"href":"https:\/\/pollmann.de\/fr\/wp-json\/wp\/v2\/product\/229775","targetHints":{"allow":["GET"]}}],"collection":[{"href":"https:\/\/pollmann.de\/fr\/wp-json\/wp\/v2\/product"}],"about":[{"href":"https:\/\/pollmann.de\/fr\/wp-json\/wp\/v2\/types\/product"}],"replies":[{"embeddable":true,"href":"https:\/\/pollmann.de\/fr\/wp-json\/wp\/v2\/comments?post=229775"}],"wp:featuredmedia":[{"embeddable":true,"href":"https:\/\/pollmann.de\/fr\/wp-json\/wp\/v2\/media\/227477"}],"wp:attachment":[{"href":"https:\/\/pollmann.de\/fr\/wp-json\/wp\/v2\/media?parent=229775"}],"wp:term":[{"taxonomy":"product_brand","embeddable":true,"href":"https:\/\/pollmann.de\/fr\/wp-json\/wp\/v2\/product_brand?post=229775"},{"taxonomy":"product_cat","embeddable":true,"href":"https:\/\/pollmann.de\/fr\/wp-json\/wp\/v2\/product_cat?post=229775"},{"taxonomy":"product_tag","embeddable":true,"href":"https:\/\/pollmann.de\/fr\/wp-json\/wp\/v2\/product_tag?post=229775"}],"curies":[{"name":"wp","href":"https:\/\/api.w.org\/{rel}","templated":true}]}}