{"id":229768,"date":"2022-03-10T14:36:23","date_gmt":"2022-03-10T13:36:23","guid":{"rendered":"https:\/\/pollmann.de\/produkt\/plattenhaken-d5-aus-edelstahl\/"},"modified":"2022-03-10T14:37:35","modified_gmt":"2022-03-10T13:37:35","slug":"plattenhaken-d5-aus-edelstahl","status":"publish","type":"product","link":"https:\/\/pollmann.de\/fr\/produit\/plattenhaken-d5-aus-edelstahl\/","title":{"rendered":"Crochet \u00e0 plaque D5 en acier inoxydable"},"content":{"rendered":"<p>Pince \u00e0 plaque \u00e0 visser, \u00e9cartement des mandrins r\u00e9glable une fois assembl\u00e9 par filetage m\u00e9trique<\/p>","protected":false},"excerpt":{"rendered":"<p>Pince \u00e0 plaque \u00e0 visser, \u00e9cartement des mandrins r\u00e9glable une fois assembl\u00e9 par filetage m\u00e9trique<\/p>","protected":false},"featured_media":227511,"comment_status":"closed","ping_status":"closed","template":"","meta":{"_acf_changed":false,"_et_pb_use_builder":"","_et_pb_old_content":"","_et_gb_content_width":""},"product_brand":[],"product_cat":[1894,1731],"product_tag":[752,753,1021,1896,1897,85,769,750,84,770,751,97],"class_list":{"0":"post-229768","1":"product","2":"type-product","3":"status-publish","4":"has-post-thumbnail","6":"product_cat-beschlaege-aus-edelstahl","7":"product_cat-torbeschlaege","8":"product_tag-aufschraubhaken","9":"product_tag-aufschraubkloben","10":"product_tag-dorn-o-13-mm","11":"product_tag-edelstahl-haken","12":"product_tag-edelstahl-kloben","13":"product_tag-haken","14":"product_tag-haken-verstellbar","15":"product_tag-haken-zum-aufschrauben","16":"product_tag-kloben","17":"product_tag-kloben-verstellbar","18":"product_tag-kloben-zum-aufschrauben","19":"product_tag-pollmann","20":"pa_varianten-haken-d5-13-abstand-2-fach-verstellbar-v2a","21":"pa_varianten-haken-d5-16-abstand-2-fach-verstellbar-v2a","23":"first","24":"instock","25":"purchasable","26":"product-type-variable"},"acf":[],"_links":{"self":[{"href":"https:\/\/pollmann.de\/fr\/wp-json\/wp\/v2\/product\/229768","targetHints":{"allow":["GET"]}}],"collection":[{"href":"https:\/\/pollmann.de\/fr\/wp-json\/wp\/v2\/product"}],"about":[{"href":"https:\/\/pollmann.de\/fr\/wp-json\/wp\/v2\/types\/product"}],"replies":[{"embeddable":true,"href":"https:\/\/pollmann.de\/fr\/wp-json\/wp\/v2\/comments?post=229768"}],"wp:featuredmedia":[{"embeddable":true,"href":"https:\/\/pollmann.de\/fr\/wp-json\/wp\/v2\/media\/227511"}],"wp:attachment":[{"href":"https:\/\/pollmann.de\/fr\/wp-json\/wp\/v2\/media?parent=229768"}],"wp:term":[{"taxonomy":"product_brand","embeddable":true,"href":"https:\/\/pollmann.de\/fr\/wp-json\/wp\/v2\/product_brand?post=229768"},{"taxonomy":"product_cat","embeddable":true,"href":"https:\/\/pollmann.de\/fr\/wp-json\/wp\/v2\/product_cat?post=229768"},{"taxonomy":"product_tag","embeddable":true,"href":"https:\/\/pollmann.de\/fr\/wp-json\/wp\/v2\/product_tag?post=229768"}],"curies":[{"name":"wp","href":"https:\/\/api.w.org\/{rel}","templated":true}]}}