{"id":229764,"date":"2022-03-10T14:36:23","date_gmt":"2022-03-10T13:36:23","guid":{"rendered":"https:\/\/pollmann.de\/produkt\/beschlagsortiment-fuer-jaegerzaun-doppeltore\/"},"modified":"2022-03-10T14:37:22","modified_gmt":"2022-03-10T13:37:22","slug":"beschlagsortiment-fuer-jaegerzaun-doppeltore","status":"publish","type":"product","link":"https:\/\/pollmann.de\/fr\/produit\/beschlagsortiment-fuer-jaegerzaun-doppeltore\/","title":{"rendered":"Assortiment de ferrures pour portails doubles de cl\u00f4ture Hunter"},"content":{"rendered":"<p>gamme compl\u00e8te de ferrures pour le montage d&#039;un double portail de cl\u00f4ture de chasseur,<br \/>\ncompos\u00e9 de : 4 charni\u00e8res pour volets roulants 16\/700, 4 crochets D1\/16, 1 volet bas double portail, 1 coulisseau de sol de longueur 400 mm, 1 support de d\u00e9passement avec griffes b\u00e9ton \u00e0 visser, 1 assortiment de vis, emball\u00e9 dans une bo\u00eete en carton<\/p>","protected":false},"excerpt":{"rendered":"<p>gamme compl\u00e8te de ferrures pour le montage d&#039;un double portail de cl\u00f4ture de chasseur,<br \/>\ncompos\u00e9 de : 4 charni\u00e8res pour volets roulants 16\/700, 4 crochets D1\/16, 1 volet bas double portail, 1 coulisseau de sol de longueur 400 mm, 1 support de d\u00e9passement avec griffes b\u00e9ton \u00e0 visser, 1 assortiment de vis, emball\u00e9 dans une bo\u00eete en carton<\/p>","protected":false},"featured_media":227598,"comment_status":"closed","ping_status":"closed","template":"","meta":{"_acf_changed":false,"_et_pb_use_builder":"","_et_pb_old_content":"","_et_gb_content_width":""},"product_brand":[],"product_cat":[2013,1731],"product_tag":[2020,2021,2017,2023,2018,794,457,2015],"class_list":{"0":"post-229764","1":"product","2":"type-product","3":"status-publish","4":"has-post-thumbnail","6":"product_cat-beschlagsortimente","7":"product_cat-torbeschlaege","8":"product_tag-beschlagsortiment","9":"product_tag-doppeltor","10":"product_tag-haken-d1","11":"product_tag-jaegerzaun","12":"product_tag-kloben-auf-platte","13":"product_tag-ladenband","14":"product_tag-torbeschlag","15":"product_tag-vorgartentor","16":"pa_varianten-beschlagsortiment-fuer-jaegerzaun-doppeltor-feuerverzinkt","17":"pa_varianten-beschlagsortiment-fuer-jaegerzaun-doppeltor-hell-verzinkt","19":"first","20":"instock","21":"purchasable","22":"product-type-variable"},"acf":[],"_links":{"self":[{"href":"https:\/\/pollmann.de\/fr\/wp-json\/wp\/v2\/product\/229764","targetHints":{"allow":["GET"]}}],"collection":[{"href":"https:\/\/pollmann.de\/fr\/wp-json\/wp\/v2\/product"}],"about":[{"href":"https:\/\/pollmann.de\/fr\/wp-json\/wp\/v2\/types\/product"}],"replies":[{"embeddable":true,"href":"https:\/\/pollmann.de\/fr\/wp-json\/wp\/v2\/comments?post=229764"}],"wp:featuredmedia":[{"embeddable":true,"href":"https:\/\/pollmann.de\/fr\/wp-json\/wp\/v2\/media\/227598"}],"wp:attachment":[{"href":"https:\/\/pollmann.de\/fr\/wp-json\/wp\/v2\/media?parent=229764"}],"wp:term":[{"taxonomy":"product_brand","embeddable":true,"href":"https:\/\/pollmann.de\/fr\/wp-json\/wp\/v2\/product_brand?post=229764"},{"taxonomy":"product_cat","embeddable":true,"href":"https:\/\/pollmann.de\/fr\/wp-json\/wp\/v2\/product_cat?post=229764"},{"taxonomy":"product_tag","embeddable":true,"href":"https:\/\/pollmann.de\/fr\/wp-json\/wp\/v2\/product_tag?post=229764"}],"curies":[{"name":"wp","href":"https:\/\/api.w.org\/{rel}","templated":true}]}}