{"id":229756,"date":"2022-03-10T14:36:23","date_gmt":"2022-03-10T13:36:23","guid":{"rendered":"https:\/\/pollmann.de\/produkt\/torverschluss-mit-drehknopf-randgehaemmert\/"},"modified":"2022-03-10T14:36:39","modified_gmt":"2022-03-10T13:36:39","slug":"torverschluss-mit-drehknopf-randgehaemmert","status":"publish","type":"product","link":"https:\/\/pollmann.de\/fr\/produit\/torverschluss-mit-drehknopf-randgehaemmert\/","title":{"rendered":"Serrure de portail avec bouton rotatif, bord martel\u00e9"},"content":{"rendered":"<p>pour \u00e9paisseurs de porte de 35 \u00e0 55 mm, utilisable \u00e0 gauche et \u00e0 droite, levier de verrouillage 150 x 20 x 5 mm, bouton rotatif \u00d8 60 mm, plaque \u00e0 vis 54 x 56 mm, verrouillable par cadenas, kit libre-service avec vis<\/p>","protected":false},"excerpt":{"rendered":"<p>pour \u00e9paisseurs de porte de 35 \u00e0 55 mm, utilisable \u00e0 gauche et \u00e0 droite, levier de verrouillage 150 x 20 x 5 mm, bouton rotatif \u00d8 60 mm, plaque \u00e0 vis 54 x 56 mm, verrouillable par cadenas, kit libre-service avec vis<\/p>","protected":false},"featured_media":228032,"comment_status":"closed","ping_status":"closed","template":"","meta":{"_acf_changed":false,"_et_pb_use_builder":"","_et_pb_old_content":"","_et_gb_content_width":""},"product_brand":[],"product_cat":[1957,1731],"product_tag":[1982,442,1984,1983],"class_list":{"0":"post-229756","1":"product","2":"type-product","3":"status-publish","4":"has-post-thumbnail","6":"product_cat-mit-randhaemmerung","7":"product_cat-torbeschlaege","8":"product_tag-dichtzaun-klinkbeschlag","9":"product_tag-dichtzaunbeschlag","10":"product_tag-torfalle","11":"product_tag-torverschloss","12":"pa_varianten-torverschluss-mit-drehknopf-randgehaemmert","14":"first","15":"instock","16":"purchasable","17":"product-type-simple"},"acf":[],"_links":{"self":[{"href":"https:\/\/pollmann.de\/fr\/wp-json\/wp\/v2\/product\/229756","targetHints":{"allow":["GET"]}}],"collection":[{"href":"https:\/\/pollmann.de\/fr\/wp-json\/wp\/v2\/product"}],"about":[{"href":"https:\/\/pollmann.de\/fr\/wp-json\/wp\/v2\/types\/product"}],"replies":[{"embeddable":true,"href":"https:\/\/pollmann.de\/fr\/wp-json\/wp\/v2\/comments?post=229756"}],"wp:featuredmedia":[{"embeddable":true,"href":"https:\/\/pollmann.de\/fr\/wp-json\/wp\/v2\/media\/228032"}],"wp:attachment":[{"href":"https:\/\/pollmann.de\/fr\/wp-json\/wp\/v2\/media?parent=229756"}],"wp:term":[{"taxonomy":"product_brand","embeddable":true,"href":"https:\/\/pollmann.de\/fr\/wp-json\/wp\/v2\/product_brand?post=229756"},{"taxonomy":"product_cat","embeddable":true,"href":"https:\/\/pollmann.de\/fr\/wp-json\/wp\/v2\/product_cat?post=229756"},{"taxonomy":"product_tag","embeddable":true,"href":"https:\/\/pollmann.de\/fr\/wp-json\/wp\/v2\/product_tag?post=229756"}],"curies":[{"name":"wp","href":"https:\/\/api.w.org\/{rel}","templated":true}]}}