{"id":229752,"date":"2022-03-10T14:36:23","date_gmt":"2022-03-10T13:36:23","guid":{"rendered":"https:\/\/pollmann.de\/produkt\/fussplatte-10-mm-feuerverzinkt\/"},"modified":"2022-03-10T14:37:26","modified_gmt":"2022-03-10T13:37:26","slug":"fussplatte-10-mm-feuerverzinkt","status":"publish","type":"product","link":"https:\/\/pollmann.de\/fr\/produit\/fussplatte-10-mm-feuerverzinkt\/","title":{"rendered":"Plaque de base 10 mm, galvanis\u00e9e \u00e0 chaud"},"content":{"rendered":"<p>T\u00f4le d&#039;acier pour construction m\u00e9tallique en mat\u00e9riau de 10 mm d&#039;\u00e9paisseur, galvanis\u00e9e \u00e0 chaud<\/p>","protected":false},"excerpt":{"rendered":"<p>T\u00f4le d&#039;acier pour construction m\u00e9tallique en mat\u00e9riau de 10 mm d&#039;\u00e9paisseur, galvanis\u00e9e \u00e0 chaud<\/p>","protected":false},"featured_media":228266,"comment_status":"closed","ping_status":"closed","template":"","meta":{"_acf_changed":false,"_et_pb_use_builder":"","_et_pb_old_content":"","_et_gb_content_width":""},"product_brand":[],"product_cat":[1916,1731],"product_tag":[1921,1931,1920,1917,1918,1923,1919,1922],"class_list":{"0":"post-229752","1":"product","2":"type-product","3":"status-publish","4":"has-post-thumbnail","6":"product_cat-metall-torbeschlaege","7":"product_cat-torbeschlaege","8":"product_tag-ankerplatte","9":"product_tag-eisen-roh-feuerverzinkt","10":"product_tag-eisenplatte","11":"product_tag-fussplatte","12":"product_tag-grundplatte","13":"product_tag-metallbau","14":"product_tag-platte-zum-aufschweissen","15":"product_tag-stahlplatte","16":"pa_varianten-fussplatte-150-x-150-x-10-mm-feuerverzinkt","17":"pa_varianten-fussplatte-200-x-150-x-10-mm-feuerverzinkt","18":"pa_varianten-fussplatte-200-x-200-x-10-mm-feuerverzinkt","19":"pa_varianten-fussplatte-250-x-150-x-10-mm-feuerverzinkt","20":"pa_varianten-fussplatte-250-x-250-x-10-mm-feuerverzinkt","22":"first","23":"instock","24":"purchasable","25":"product-type-variable"},"acf":[],"_links":{"self":[{"href":"https:\/\/pollmann.de\/fr\/wp-json\/wp\/v2\/product\/229752","targetHints":{"allow":["GET"]}}],"collection":[{"href":"https:\/\/pollmann.de\/fr\/wp-json\/wp\/v2\/product"}],"about":[{"href":"https:\/\/pollmann.de\/fr\/wp-json\/wp\/v2\/types\/product"}],"replies":[{"embeddable":true,"href":"https:\/\/pollmann.de\/fr\/wp-json\/wp\/v2\/comments?post=229752"}],"wp:featuredmedia":[{"embeddable":true,"href":"https:\/\/pollmann.de\/fr\/wp-json\/wp\/v2\/media\/228266"}],"wp:attachment":[{"href":"https:\/\/pollmann.de\/fr\/wp-json\/wp\/v2\/media?parent=229752"}],"wp:term":[{"taxonomy":"product_brand","embeddable":true,"href":"https:\/\/pollmann.de\/fr\/wp-json\/wp\/v2\/product_brand?post=229752"},{"taxonomy":"product_cat","embeddable":true,"href":"https:\/\/pollmann.de\/fr\/wp-json\/wp\/v2\/product_cat?post=229752"},{"taxonomy":"product_tag","embeddable":true,"href":"https:\/\/pollmann.de\/fr\/wp-json\/wp\/v2\/product_tag?post=229752"}],"curies":[{"name":"wp","href":"https:\/\/api.w.org\/{rel}","templated":true}]}}