{"id":229737,"date":"2022-03-10T14:36:23","date_gmt":"2022-03-10T13:36:23","guid":{"rendered":"https:\/\/pollmann.de\/produkt\/bolzenriegel-feuerverzinkt\/"},"modified":"2022-03-10T14:37:33","modified_gmt":"2022-03-10T13:37:33","slug":"bolzenriegel-feuerverzinkt","status":"publish","type":"product","link":"https:\/\/pollmann.de\/fr\/produit\/bolzenriegel-feuerverzinkt\/","title":{"rendered":"Boulon, galvanis\u00e9 \u00e0 chaud"},"content":{"rendered":"<p>avec boucle, boulon \u00d8 16 mm<\/p>","protected":false},"excerpt":{"rendered":"<p>avec boucle, boulon \u00d8 16 mm<\/p>","protected":false},"featured_media":227694,"comment_status":"closed","ping_status":"closed","template":"","meta":{"_acf_changed":false,"_et_pb_use_builder":"","_et_pb_old_content":"","_et_gb_content_width":""},"product_brand":[],"product_cat":[1799,1731],"product_tag":[1839,1838,352,97,350,131],"class_list":{"0":"post-229737","1":"product","2":"type-product","3":"status-publish","4":"has-post-thumbnail","6":"product_cat-stalltuerbeschlaege","7":"product_cat-torbeschlaege","8":"product_tag-16-mm-o","9":"product_tag-bolzenriegel","10":"product_tag-eisenwaren","11":"product_tag-pollmann","12":"product_tag-riegel","13":"product_tag-verschluss","14":"pa_varianten-bolzenriegel-160-mm-feuerverzinkt","15":"pa_varianten-bolzenriegel-180-mm-feuerverzinkt","16":"pa_varianten-bolzenriegel-200-mm-feuerverzinkt","18":"first","19":"instock","20":"purchasable","21":"product-type-variable"},"acf":[],"_links":{"self":[{"href":"https:\/\/pollmann.de\/fr\/wp-json\/wp\/v2\/product\/229737","targetHints":{"allow":["GET"]}}],"collection":[{"href":"https:\/\/pollmann.de\/fr\/wp-json\/wp\/v2\/product"}],"about":[{"href":"https:\/\/pollmann.de\/fr\/wp-json\/wp\/v2\/types\/product"}],"replies":[{"embeddable":true,"href":"https:\/\/pollmann.de\/fr\/wp-json\/wp\/v2\/comments?post=229737"}],"wp:featuredmedia":[{"embeddable":true,"href":"https:\/\/pollmann.de\/fr\/wp-json\/wp\/v2\/media\/227694"}],"wp:attachment":[{"href":"https:\/\/pollmann.de\/fr\/wp-json\/wp\/v2\/media?parent=229737"}],"wp:term":[{"taxonomy":"product_brand","embeddable":true,"href":"https:\/\/pollmann.de\/fr\/wp-json\/wp\/v2\/product_brand?post=229737"},{"taxonomy":"product_cat","embeddable":true,"href":"https:\/\/pollmann.de\/fr\/wp-json\/wp\/v2\/product_cat?post=229737"},{"taxonomy":"product_tag","embeddable":true,"href":"https:\/\/pollmann.de\/fr\/wp-json\/wp\/v2\/product_tag?post=229737"}],"curies":[{"name":"wp","href":"https:\/\/api.w.org\/{rel}","templated":true}]}}