{"id":229736,"date":"2022-03-10T14:36:23","date_gmt":"2022-03-10T13:36:23","guid":{"rendered":"https:\/\/pollmann.de\/produkt\/kreuzband-nr-50-rolle-o-10-mm\/"},"modified":"2022-03-10T14:38:00","modified_gmt":"2022-03-10T13:38:00","slug":"kreuzband-nr-50-rolle-o-10-mm","status":"publish","type":"product","link":"https:\/\/pollmann.de\/fr\/produit\/kreuzband-nr-50-rolle-o-10-mm\/","title":{"rendered":"Bande transversale n\u00b050, rouleau \u00d8 10 mm"},"content":{"rendered":"<p>Rouleau rivet\u00e9 en mat\u00e9riau 32 x 3,5 mm, distance milieu du rouleau \u2013 milieu de la bande = 75 mm<\/p>","protected":false},"excerpt":{"rendered":"<p>Rouleau rivet\u00e9 en mat\u00e9riau 32 x 3,5 mm, distance milieu du rouleau \u2013 milieu de la bande = 75 mm<\/p>","protected":false},"featured_media":227568,"comment_status":"closed","ping_status":"closed","template":"","meta":{"_acf_changed":false,"_et_pb_use_builder":"","_et_pb_old_content":"","_et_gb_content_width":""},"product_brand":[],"product_cat":[1732,1731],"product_tag":[757,756,472,121,97,465,467,92],"class_list":{"0":"post-229736","1":"product","2":"type-product","3":"status-publish","4":"has-post-thumbnail","6":"product_cat-mittel-und-winkelbaender","7":"product_cat-torbeschlaege","8":"product_tag-fensterladenbeschlag","9":"product_tag-klappladenbeschlag","10":"product_tag-kreuzband","11":"product_tag-mittelband","12":"product_tag-pollmann","13":"product_tag-scharnier","14":"product_tag-tuerband","15":"product_tag-winkelband","16":"pa_varianten-kreuzband-nr-50-10-140-mm-hell-verzinkt","18":"first","19":"instock","20":"purchasable","21":"product-type-variable"},"acf":[],"_links":{"self":[{"href":"https:\/\/pollmann.de\/fr\/wp-json\/wp\/v2\/product\/229736","targetHints":{"allow":["GET"]}}],"collection":[{"href":"https:\/\/pollmann.de\/fr\/wp-json\/wp\/v2\/product"}],"about":[{"href":"https:\/\/pollmann.de\/fr\/wp-json\/wp\/v2\/types\/product"}],"replies":[{"embeddable":true,"href":"https:\/\/pollmann.de\/fr\/wp-json\/wp\/v2\/comments?post=229736"}],"wp:featuredmedia":[{"embeddable":true,"href":"https:\/\/pollmann.de\/fr\/wp-json\/wp\/v2\/media\/227568"}],"wp:attachment":[{"href":"https:\/\/pollmann.de\/fr\/wp-json\/wp\/v2\/media?parent=229736"}],"wp:term":[{"taxonomy":"product_brand","embeddable":true,"href":"https:\/\/pollmann.de\/fr\/wp-json\/wp\/v2\/product_brand?post=229736"},{"taxonomy":"product_cat","embeddable":true,"href":"https:\/\/pollmann.de\/fr\/wp-json\/wp\/v2\/product_cat?post=229736"},{"taxonomy":"product_tag","embeddable":true,"href":"https:\/\/pollmann.de\/fr\/wp-json\/wp\/v2\/product_tag?post=229736"}],"curies":[{"name":"wp","href":"https:\/\/api.w.org\/{rel}","templated":true}]}}