{"id":229731,"date":"2022-03-10T14:36:23","date_gmt":"2022-03-10T13:36:23","guid":{"rendered":"https:\/\/pollmann.de\/produkt\/torfeststeller-zum-einmauern-wandmontage\/"},"modified":"2022-03-10T14:36:34","modified_gmt":"2022-03-10T13:36:34","slug":"torfeststeller-zum-einmauern-wandmontage","status":"publish","type":"product","link":"https:\/\/pollmann.de\/fr\/produit\/torfeststeller-zum-einmauern-wandmontage\/","title":{"rendered":"But\u00e9e de portail \u00e0 encastrer, montage mural"},"content":{"rendered":"<p>avec angle de fermeture, dame de nage en pierre 75 mm, fonte mall\u00e9able galvanis\u00e9e<\/p>","protected":false},"excerpt":{"rendered":"<p>avec angle de fermeture, dame de nage en pierre 75 mm, fonte mall\u00e9able galvanis\u00e9e<\/p>","protected":false},"featured_media":227591,"comment_status":"closed","ping_status":"closed","template":"","meta":{"_acf_changed":false,"_et_pb_use_builder":"","_et_pb_old_content":"","_et_gb_content_width":""},"product_brand":[],"product_cat":[1916,1731],"product_tag":[2028,2027,2040],"class_list":{"0":"post-229731","1":"product","2":"type-product","3":"status-publish","4":"has-post-thumbnail","6":"product_cat-metall-torbeschlaege","7":"product_cat-torbeschlaege","8":"product_tag-feststeller-fuer-tore","9":"product_tag-torfeststeller","10":"product_tag-wandmontage","11":"pa_varianten-torfeststeller-zum-einmauern-wandmontage","13":"first","14":"instock","15":"purchasable","16":"product-type-simple"},"acf":[],"_links":{"self":[{"href":"https:\/\/pollmann.de\/fr\/wp-json\/wp\/v2\/product\/229731","targetHints":{"allow":["GET"]}}],"collection":[{"href":"https:\/\/pollmann.de\/fr\/wp-json\/wp\/v2\/product"}],"about":[{"href":"https:\/\/pollmann.de\/fr\/wp-json\/wp\/v2\/types\/product"}],"replies":[{"embeddable":true,"href":"https:\/\/pollmann.de\/fr\/wp-json\/wp\/v2\/comments?post=229731"}],"wp:featuredmedia":[{"embeddable":true,"href":"https:\/\/pollmann.de\/fr\/wp-json\/wp\/v2\/media\/227591"}],"wp:attachment":[{"href":"https:\/\/pollmann.de\/fr\/wp-json\/wp\/v2\/media?parent=229731"}],"wp:term":[{"taxonomy":"product_brand","embeddable":true,"href":"https:\/\/pollmann.de\/fr\/wp-json\/wp\/v2\/product_brand?post=229731"},{"taxonomy":"product_cat","embeddable":true,"href":"https:\/\/pollmann.de\/fr\/wp-json\/wp\/v2\/product_cat?post=229731"},{"taxonomy":"product_tag","embeddable":true,"href":"https:\/\/pollmann.de\/fr\/wp-json\/wp\/v2\/product_tag?post=229731"}],"curies":[{"name":"wp","href":"https:\/\/api.w.org\/{rel}","templated":true}]}}