{"id":229728,"date":"2022-03-10T14:36:23","date_gmt":"2022-03-10T13:36:23","guid":{"rendered":"https:\/\/pollmann.de\/produkt\/gartentorfalle-verstellbar-edelstahl\/"},"modified":"2022-03-10T14:36:33","modified_gmt":"2022-03-10T13:36:33","slug":"gartentorfalle-verstellbar-edelstahl","status":"publish","type":"product","link":"https:\/\/pollmann.de\/fr\/produit\/gartentorfalle-verstellbar-edelstahl\/","title":{"rendered":"Siphon de jardin r\u00e9glable, acier inoxydable"},"content":{"rendered":"<p>Verrouillage de portail de jardin de haute qualit\u00e9 pour portails simples, r\u00e9glable en hauteur, adapt\u00e9 aux cadres \u00e9troits, but\u00e9e \u00e0 droite et \u00e0 gauche possible, plaque 82 x 55 mm, hauteur totale 140 mm<\/p>","protected":false},"excerpt":{"rendered":"<p>Verrouillage de portail de jardin de haute qualit\u00e9 pour portails simples, r\u00e9glable en hauteur, adapt\u00e9 aux cadres \u00e9troits, but\u00e9e \u00e0 droite et \u00e0 gauche possible, plaque 82 x 55 mm, hauteur totale 140 mm<\/p>","protected":false},"featured_media":227890,"comment_status":"closed","ping_status":"closed","template":"","meta":{"_acf_changed":false,"_et_pb_use_builder":"","_et_pb_old_content":"","_et_gb_content_width":""},"product_brand":[],"product_cat":[1894,1731],"product_tag":[257,1889,1887,97,458],"class_list":{"0":"post-229728","1":"product","2":"type-product","3":"status-publish","4":"has-post-thumbnail","6":"product_cat-beschlaege-aus-edelstahl","7":"product_cat-torbeschlaege","8":"product_tag-edelstahl","9":"product_tag-einzeltor","10":"product_tag-gartentorfalle","11":"product_tag-pollmann","12":"product_tag-torverschluss","13":"pa_varianten-gartentorfalle-verstellbar-edelstahl","15":"first","16":"instock","17":"purchasable","18":"product-type-simple"},"acf":[],"_links":{"self":[{"href":"https:\/\/pollmann.de\/fr\/wp-json\/wp\/v2\/product\/229728","targetHints":{"allow":["GET"]}}],"collection":[{"href":"https:\/\/pollmann.de\/fr\/wp-json\/wp\/v2\/product"}],"about":[{"href":"https:\/\/pollmann.de\/fr\/wp-json\/wp\/v2\/types\/product"}],"replies":[{"embeddable":true,"href":"https:\/\/pollmann.de\/fr\/wp-json\/wp\/v2\/comments?post=229728"}],"wp:featuredmedia":[{"embeddable":true,"href":"https:\/\/pollmann.de\/fr\/wp-json\/wp\/v2\/media\/227890"}],"wp:attachment":[{"href":"https:\/\/pollmann.de\/fr\/wp-json\/wp\/v2\/media?parent=229728"}],"wp:term":[{"taxonomy":"product_brand","embeddable":true,"href":"https:\/\/pollmann.de\/fr\/wp-json\/wp\/v2\/product_brand?post=229728"},{"taxonomy":"product_cat","embeddable":true,"href":"https:\/\/pollmann.de\/fr\/wp-json\/wp\/v2\/product_cat?post=229728"},{"taxonomy":"product_tag","embeddable":true,"href":"https:\/\/pollmann.de\/fr\/wp-json\/wp\/v2\/product_tag?post=229728"}],"curies":[{"name":"wp","href":"https:\/\/api.w.org\/{rel}","templated":true}]}}