{"id":229727,"date":"2022-03-10T14:36:23","date_gmt":"2022-03-10T13:36:23","guid":{"rendered":"https:\/\/pollmann.de\/produkt\/torverschluss-mit-klinkbeschlag\/"},"modified":"2022-03-10T14:38:21","modified_gmt":"2022-03-10T13:38:21","slug":"torverschluss-mit-klinkbeschlag","status":"publish","type":"product","link":"https:\/\/pollmann.de\/fr\/produit\/torverschluss-mit-klinkbeschlag\/","title":{"rendered":"Serrure de portail avec ferrure \u00e0 p\u00eane"},"content":{"rendered":"<p>SB emball\u00e9 avec des vis unidirectionnelles anti-effraction. <\/p>\n<p>Plaque \u00e0 visser L 69 x H 60 mm, levier de verrouillage 150 x 20 x 5 mm, poign\u00e9e de verrouillage = \u00e9querre 15 \u00d8 x 140 x 57 mm, longueur totale 255 mm<\/p>","protected":false},"excerpt":{"rendered":"<p>SB emball\u00e9 avec des vis unidirectionnelles anti-effraction. <\/p>\n<p>Plaque \u00e0 visser L 69 x H 60 mm, levier de verrouillage 150 x 20 x 5 mm, poign\u00e9e de verrouillage = \u00e9querre 15 \u00d8 x 140 x 57 mm, longueur totale 255 mm<\/p>","protected":false},"featured_media":227700,"comment_status":"closed","ping_status":"closed","template":"","meta":{"_acf_changed":false,"_et_pb_use_builder":"","_et_pb_old_content":"","_et_gb_content_width":""},"product_brand":[],"product_cat":[1731,1843],"product_tag":[1851,1879,1882,1812,97,1881,1880,458],"class_list":{"0":"post-229727","1":"product","2":"type-product","3":"status-publish","4":"has-post-thumbnail","6":"product_cat-torbeschlaege","7":"product_cat-torverschluesse","8":"product_tag-abschliessbar","9":"product_tag-beschlagssatz","10":"product_tag-dichtzaun","11":"product_tag-klinkbeschlag","12":"product_tag-pollmann","13":"product_tag-schuppentueren","14":"product_tag-stalltueren","15":"product_tag-torverschluss","16":"pa_varianten-torverschluss-mit-klinkbeschlag-bis-45-mm-tuerstaerke-hell-verzinkt","17":"pa_varianten-torverschluss-mit-klinkbeschlag-bis-90-mm-tuerstaerke-hell-verzinkt","19":"first","20":"instock","21":"purchasable","22":"product-type-variable"},"acf":[],"_links":{"self":[{"href":"https:\/\/pollmann.de\/fr\/wp-json\/wp\/v2\/product\/229727","targetHints":{"allow":["GET"]}}],"collection":[{"href":"https:\/\/pollmann.de\/fr\/wp-json\/wp\/v2\/product"}],"about":[{"href":"https:\/\/pollmann.de\/fr\/wp-json\/wp\/v2\/types\/product"}],"replies":[{"embeddable":true,"href":"https:\/\/pollmann.de\/fr\/wp-json\/wp\/v2\/comments?post=229727"}],"wp:featuredmedia":[{"embeddable":true,"href":"https:\/\/pollmann.de\/fr\/wp-json\/wp\/v2\/media\/227700"}],"wp:attachment":[{"href":"https:\/\/pollmann.de\/fr\/wp-json\/wp\/v2\/media?parent=229727"}],"wp:term":[{"taxonomy":"product_brand","embeddable":true,"href":"https:\/\/pollmann.de\/fr\/wp-json\/wp\/v2\/product_brand?post=229727"},{"taxonomy":"product_cat","embeddable":true,"href":"https:\/\/pollmann.de\/fr\/wp-json\/wp\/v2\/product_cat?post=229727"},{"taxonomy":"product_tag","embeddable":true,"href":"https:\/\/pollmann.de\/fr\/wp-json\/wp\/v2\/product_tag?post=229727"}],"curies":[{"name":"wp","href":"https:\/\/api.w.org\/{rel}","templated":true}]}}