{"id":229717,"date":"2022-03-10T14:36:23","date_gmt":"2022-03-10T13:36:23","guid":{"rendered":"https:\/\/pollmann.de\/produkt\/haken-d1-randgehaemmert\/"},"modified":"2022-03-10T14:38:04","modified_gmt":"2022-03-10T13:38:04","slug":"haken-d1-randgehaemmert","status":"publish","type":"product","link":"https:\/\/pollmann.de\/fr\/produit\/haken-d1-randgehaemmert\/","title":{"rendered":"Crochet D1, bord martel\u00e9"},"content":{"rendered":"<p>Bloc de plaque \u00e0 visser avec martelage des bords, mandrin avec c\u00f4ne d\u00e9coratif (sauf mandrin 20, diff\u00e9rent de l&#039;illustration), espacement des mandrins \u00e9troit<\/p>","protected":false},"excerpt":{"rendered":"<p>Bloc de plaque \u00e0 visser avec martelage des bords, mandrin avec c\u00f4ne d\u00e9coratif (sauf mandrin 20, diff\u00e9rent de l&#039;illustration), espacement des mandrins \u00e9troit<\/p>","protected":false},"featured_media":228034,"comment_status":"closed","ping_status":"closed","template":"","meta":{"_acf_changed":false,"_et_pb_use_builder":"","_et_pb_old_content":"","_et_gb_content_width":""},"product_brand":[],"product_cat":[1957,1731],"product_tag":[1021,85,750,94,84,751,754,755,97,1994,1995],"class_list":{"0":"post-229717","1":"product","2":"type-product","3":"status-publish","4":"has-post-thumbnail","6":"product_cat-mit-randhaemmerung","7":"product_cat-torbeschlaege","8":"product_tag-dorn-o-13-mm","9":"product_tag-haken","10":"product_tag-haken-zum-aufschrauben","11":"product_tag-historische-beschlaege","12":"product_tag-kloben","13":"product_tag-kloben-zum-aufschrauben","14":"product_tag-plattenhaken","15":"product_tag-plattenkloben","16":"product_tag-pollmann","17":"product_tag-zierhaken","18":"product_tag-zierkloben","19":"pa_varianten-haken-d1-13-r-abst-12-mm-randgehaemmert","20":"pa_varianten-haken-d1-16-r-abst-12-mm-randgehaemmert","21":"pa_varianten-haken-d1-20-r-abst-15-mm-randgehaemmert","23":"first","24":"instock","25":"purchasable","26":"product-type-variable"},"acf":[],"_links":{"self":[{"href":"https:\/\/pollmann.de\/fr\/wp-json\/wp\/v2\/product\/229717","targetHints":{"allow":["GET"]}}],"collection":[{"href":"https:\/\/pollmann.de\/fr\/wp-json\/wp\/v2\/product"}],"about":[{"href":"https:\/\/pollmann.de\/fr\/wp-json\/wp\/v2\/types\/product"}],"replies":[{"embeddable":true,"href":"https:\/\/pollmann.de\/fr\/wp-json\/wp\/v2\/comments?post=229717"}],"wp:featuredmedia":[{"embeddable":true,"href":"https:\/\/pollmann.de\/fr\/wp-json\/wp\/v2\/media\/228034"}],"wp:attachment":[{"href":"https:\/\/pollmann.de\/fr\/wp-json\/wp\/v2\/media?parent=229717"}],"wp:term":[{"taxonomy":"product_brand","embeddable":true,"href":"https:\/\/pollmann.de\/fr\/wp-json\/wp\/v2\/product_brand?post=229717"},{"taxonomy":"product_cat","embeddable":true,"href":"https:\/\/pollmann.de\/fr\/wp-json\/wp\/v2\/product_cat?post=229717"},{"taxonomy":"product_tag","embeddable":true,"href":"https:\/\/pollmann.de\/fr\/wp-json\/wp\/v2\/product_tag?post=229717"}],"curies":[{"name":"wp","href":"https:\/\/api.w.org\/{rel}","templated":true}]}}