{"id":229715,"date":"2022-03-10T14:36:23","date_gmt":"2022-03-10T13:36:23","guid":{"rendered":"https:\/\/pollmann.de\/produkt\/klinkgriff-stalltuerbeschlag\/"},"modified":"2022-03-10T14:38:01","modified_gmt":"2022-03-10T13:38:01","slug":"klinkgriff-stalltuerbeschlag","status":"publish","type":"product","link":"https:\/\/pollmann.de\/fr\/produit\/klinkgriff-stalltuerbeschlag\/","title":{"rendered":"Poign\u00e9e \/ ferrure de porte d&#039;\u00e9curie"},"content":{"rendered":"<p>Ferrure de porte d&#039;\u00e9curie traditionnelle \u00e0 visser, \u00e9querre \u00d8 15 x 140 x 57 mm<\/p>","protected":false},"excerpt":{"rendered":"<p>Ferrure de porte d&#039;\u00e9curie traditionnelle \u00e0 visser, \u00e9querre \u00d8 15 x 140 x 57 mm<\/p>","protected":false},"featured_media":227676,"comment_status":"closed","ping_status":"closed","template":"","meta":{"_acf_changed":false,"_et_pb_use_builder":"","_et_pb_old_content":"","_et_gb_content_width":""},"product_brand":[],"product_cat":[1799,1731],"product_tag":[480,1830,1816,483],"class_list":{"0":"post-229715","1":"product","2":"type-product","3":"status-publish","4":"has-post-thumbnail","6":"product_cat-stalltuerbeschlaege","7":"product_cat-torbeschlaege","8":"product_tag-buegelgriff","9":"product_tag-klingriff","10":"product_tag-stalltuerbeschlag","11":"product_tag-tuergriff","12":"pa_varianten-klinkgriff-hell-verzinkt","13":"pa_varianten-klinkgriff-feuerverzinkt","15":"first","16":"instock","17":"purchasable","18":"product-type-variable"},"acf":[],"_links":{"self":[{"href":"https:\/\/pollmann.de\/fr\/wp-json\/wp\/v2\/product\/229715","targetHints":{"allow":["GET"]}}],"collection":[{"href":"https:\/\/pollmann.de\/fr\/wp-json\/wp\/v2\/product"}],"about":[{"href":"https:\/\/pollmann.de\/fr\/wp-json\/wp\/v2\/types\/product"}],"replies":[{"embeddable":true,"href":"https:\/\/pollmann.de\/fr\/wp-json\/wp\/v2\/comments?post=229715"}],"wp:featuredmedia":[{"embeddable":true,"href":"https:\/\/pollmann.de\/fr\/wp-json\/wp\/v2\/media\/227676"}],"wp:attachment":[{"href":"https:\/\/pollmann.de\/fr\/wp-json\/wp\/v2\/media?parent=229715"}],"wp:term":[{"taxonomy":"product_brand","embeddable":true,"href":"https:\/\/pollmann.de\/fr\/wp-json\/wp\/v2\/product_brand?post=229715"},{"taxonomy":"product_cat","embeddable":true,"href":"https:\/\/pollmann.de\/fr\/wp-json\/wp\/v2\/product_cat?post=229715"},{"taxonomy":"product_tag","embeddable":true,"href":"https:\/\/pollmann.de\/fr\/wp-json\/wp\/v2\/product_tag?post=229715"}],"curies":[{"name":"wp","href":"https:\/\/api.w.org\/{rel}","templated":true}]}}