{"id":229713,"date":"2022-03-10T14:36:23","date_gmt":"2022-03-10T13:36:23","guid":{"rendered":"https:\/\/pollmann.de\/produkt\/kastenschloss-universal\/"},"modified":"2022-03-10T14:37:31","modified_gmt":"2022-03-10T13:37:31","slug":"kastenschloss-universal","status":"publish","type":"product","link":"https:\/\/pollmann.de\/fr\/produit\/kastenschloss-universal\/","title":{"rendered":"Serrure de bo\u00eete universelle"},"content":{"rendered":"<p>2 tours avec p\u00eane de nuit, droite et gauche int\u00e9rieur\/ext\u00e9rieur, complet avec 1 g\u00e2che, poign\u00e9es et 1 plaque longue en plastique, entraxe 55 mm<\/p>","protected":false},"excerpt":{"rendered":"<p>2 tours avec p\u00eane de nuit, droite et gauche int\u00e9rieur\/ext\u00e9rieur, complet avec 1 g\u00e2che, poign\u00e9es et 1 plaque longue en plastique, entraxe 55 mm<\/p>","protected":false},"featured_media":227600,"comment_status":"closed","ping_status":"closed","template":"","meta":{"_acf_changed":false,"_et_pb_use_builder":"","_et_pb_old_content":"","_et_gb_content_width":""},"product_brand":[],"product_cat":[1731,1843],"product_tag":[1870,1869],"class_list":{"0":"post-229713","1":"product","2":"type-product","3":"status-publish","4":"has-post-thumbnail","6":"product_cat-torbeschlaege","7":"product_cat-torverschluesse","8":"product_tag-kastenschloss","9":"product_tag-schloss","10":"pa_varianten-kastenschloss-buntbart-mit-2-schluesseln-verzinkt","11":"pa_varianten-kastenschloss-profilzylinder-vorgelocht-verzinkt","13":"first","14":"instock","15":"purchasable","16":"product-type-variable"},"acf":[],"_links":{"self":[{"href":"https:\/\/pollmann.de\/fr\/wp-json\/wp\/v2\/product\/229713","targetHints":{"allow":["GET"]}}],"collection":[{"href":"https:\/\/pollmann.de\/fr\/wp-json\/wp\/v2\/product"}],"about":[{"href":"https:\/\/pollmann.de\/fr\/wp-json\/wp\/v2\/types\/product"}],"replies":[{"embeddable":true,"href":"https:\/\/pollmann.de\/fr\/wp-json\/wp\/v2\/comments?post=229713"}],"wp:featuredmedia":[{"embeddable":true,"href":"https:\/\/pollmann.de\/fr\/wp-json\/wp\/v2\/media\/227600"}],"wp:attachment":[{"href":"https:\/\/pollmann.de\/fr\/wp-json\/wp\/v2\/media?parent=229713"}],"wp:term":[{"taxonomy":"product_brand","embeddable":true,"href":"https:\/\/pollmann.de\/fr\/wp-json\/wp\/v2\/product_brand?post=229713"},{"taxonomy":"product_cat","embeddable":true,"href":"https:\/\/pollmann.de\/fr\/wp-json\/wp\/v2\/product_cat?post=229713"},{"taxonomy":"product_tag","embeddable":true,"href":"https:\/\/pollmann.de\/fr\/wp-json\/wp\/v2\/product_tag?post=229713"}],"curies":[{"name":"wp","href":"https:\/\/api.w.org\/{rel}","templated":true}]}}