{"id":229712,"date":"2022-03-10T14:36:23","date_gmt":"2022-03-10T13:36:23","guid":{"rendered":"https:\/\/pollmann.de\/produkt\/beschlagsortiment-jaegerzaun-einzeltore\/"},"modified":"2022-03-10T14:37:41","modified_gmt":"2022-03-10T13:37:41","slug":"beschlagsortiment-jaegerzaun-einzeltore","status":"publish","type":"product","link":"https:\/\/pollmann.de\/fr\/produit\/beschlagsortiment-jaegerzaun-einzeltore\/","title":{"rendered":"Gamme de ferrures de cl\u00f4ture Hunter pour portails individuels"},"content":{"rendered":"<p>gamme compl\u00e8te de ferrures pour l&#039;assemblage d&#039;un portail de cl\u00f4ture chasseur simple,<br \/>\ncompos\u00e9 de : 1 loquet de portail de jardin r\u00e9glable en hauteur pour portail simple, 2 charni\u00e8res de volet 13\/500, 2 crochets D1\/13 et vis assorties ; emball\u00e9 dans du carton<\/p>","protected":false},"excerpt":{"rendered":"<p>gamme compl\u00e8te de ferrures pour l&#039;assemblage d&#039;un portail de cl\u00f4ture chasseur simple,<br \/>\ncompos\u00e9 de : 1 loquet de portail de jardin r\u00e9glable en hauteur pour portail simple, 2 charni\u00e8res de volet 13\/500, 2 crochets D1\/13 et vis assorties ; emball\u00e9 dans du carton<\/p>","protected":false},"featured_media":227595,"comment_status":"closed","ping_status":"closed","template":"","meta":{"_acf_changed":false,"_et_pb_use_builder":"","_et_pb_old_content":"","_et_gb_content_width":""},"product_brand":[],"product_cat":[2013,1731],"product_tag":[2020,1889,2017,2023,2018,794,457,2015],"class_list":{"0":"post-229712","1":"product","2":"type-product","3":"status-publish","4":"has-post-thumbnail","6":"product_cat-beschlagsortimente","7":"product_cat-torbeschlaege","8":"product_tag-beschlagsortiment","9":"product_tag-einzeltor","10":"product_tag-haken-d1","11":"product_tag-jaegerzaun","12":"product_tag-kloben-auf-platte","13":"product_tag-ladenband","14":"product_tag-torbeschlag","15":"product_tag-vorgartentor","16":"pa_varianten-beschlagsortiment-fuer-jaegerzaun-einzeltor-feuerverzinkt","17":"pa_varianten-beschlagsortiment-jaegerzaun-einzeltor-hell-verzinkt","19":"first","20":"instock","21":"purchasable","22":"product-type-variable"},"acf":[],"_links":{"self":[{"href":"https:\/\/pollmann.de\/fr\/wp-json\/wp\/v2\/product\/229712","targetHints":{"allow":["GET"]}}],"collection":[{"href":"https:\/\/pollmann.de\/fr\/wp-json\/wp\/v2\/product"}],"about":[{"href":"https:\/\/pollmann.de\/fr\/wp-json\/wp\/v2\/types\/product"}],"replies":[{"embeddable":true,"href":"https:\/\/pollmann.de\/fr\/wp-json\/wp\/v2\/comments?post=229712"}],"wp:featuredmedia":[{"embeddable":true,"href":"https:\/\/pollmann.de\/fr\/wp-json\/wp\/v2\/media\/227595"}],"wp:attachment":[{"href":"https:\/\/pollmann.de\/fr\/wp-json\/wp\/v2\/media?parent=229712"}],"wp:term":[{"taxonomy":"product_brand","embeddable":true,"href":"https:\/\/pollmann.de\/fr\/wp-json\/wp\/v2\/product_brand?post=229712"},{"taxonomy":"product_cat","embeddable":true,"href":"https:\/\/pollmann.de\/fr\/wp-json\/wp\/v2\/product_cat?post=229712"},{"taxonomy":"product_tag","embeddable":true,"href":"https:\/\/pollmann.de\/fr\/wp-json\/wp\/v2\/product_tag?post=229712"}],"curies":[{"name":"wp","href":"https:\/\/api.w.org\/{rel}","templated":true}]}}