{"id":229711,"date":"2022-03-10T14:36:23","date_gmt":"2022-03-10T13:36:23","guid":{"rendered":"https:\/\/pollmann.de\/produkt\/winkelband-leicht-rolle-o-13-mm\/"},"modified":"2022-03-10T14:37:11","modified_gmt":"2022-03-10T13:37:11","slug":"winkelband-leicht-rolle-o-13-mm","status":"publish","type":"product","link":"https:\/\/pollmann.de\/fr\/produit\/winkelband-leicht-rolle-o-13-mm\/","title":{"rendered":"Rouleau de ruban lumineux d&#039;angle \u00d8 13 mm"},"content":{"rendered":"<p>l\u00e9ger, extr\u00e9mit\u00e9s arrondies, mat\u00e9riau du ruban 30 x 3 mm, mat\u00e9riau du rouleau 35 x 4 mm<\/p>","protected":false},"excerpt":{"rendered":"<p>l\u00e9ger, extr\u00e9mit\u00e9s arrondies, mat\u00e9riau du ruban 30 x 3 mm, mat\u00e9riau du rouleau 35 x 4 mm<\/p>","protected":false},"featured_media":227556,"comment_status":"closed","ping_status":"closed","template":"","meta":{"_acf_changed":false,"_et_pb_use_builder":"","_et_pb_old_content":"","_et_gb_content_width":""},"product_brand":[],"product_cat":[1732,1731],"product_tag":[797,796,1741,121,97,92],"class_list":{"0":"post-229711","1":"product","2":"type-product","3":"status-publish","4":"has-post-thumbnail","6":"product_cat-mittel-und-winkelbaender","7":"product_cat-torbeschlaege","8":"product_tag-fensterladen-beschlag","9":"product_tag-klappladen-beschlag","10":"product_tag-ladenband-fenster-beschlag","11":"product_tag-mittelband","12":"product_tag-pollmann","13":"product_tag-winkelband","14":"pa_varianten-winkelband-13-250-x-200-mm-hell-verzinkt","15":"pa_varianten-winkelband-13-250-x-250-mm-hell-verzinkt","16":"pa_varianten-winkelband-13-250-x-300-mm-hell-verzinkt","17":"pa_varianten-winkelband-13-250-x-350-mm-hell-verzinkt","18":"pa_varianten-winkelband-13-300-x-400-mm-hell-verzinkt","20":"first","21":"instock","22":"purchasable","23":"product-type-variable"},"acf":[],"_links":{"self":[{"href":"https:\/\/pollmann.de\/fr\/wp-json\/wp\/v2\/product\/229711","targetHints":{"allow":["GET"]}}],"collection":[{"href":"https:\/\/pollmann.de\/fr\/wp-json\/wp\/v2\/product"}],"about":[{"href":"https:\/\/pollmann.de\/fr\/wp-json\/wp\/v2\/types\/product"}],"replies":[{"embeddable":true,"href":"https:\/\/pollmann.de\/fr\/wp-json\/wp\/v2\/comments?post=229711"}],"wp:featuredmedia":[{"embeddable":true,"href":"https:\/\/pollmann.de\/fr\/wp-json\/wp\/v2\/media\/227556"}],"wp:attachment":[{"href":"https:\/\/pollmann.de\/fr\/wp-json\/wp\/v2\/media?parent=229711"}],"wp:term":[{"taxonomy":"product_brand","embeddable":true,"href":"https:\/\/pollmann.de\/fr\/wp-json\/wp\/v2\/product_brand?post=229711"},{"taxonomy":"product_cat","embeddable":true,"href":"https:\/\/pollmann.de\/fr\/wp-json\/wp\/v2\/product_cat?post=229711"},{"taxonomy":"product_tag","embeddable":true,"href":"https:\/\/pollmann.de\/fr\/wp-json\/wp\/v2\/product_tag?post=229711"}],"curies":[{"name":"wp","href":"https:\/\/api.w.org\/{rel}","templated":true}]}}