{"id":229710,"date":"2022-03-10T14:36:23","date_gmt":"2022-03-10T13:36:23","guid":{"rendered":"https:\/\/pollmann.de\/produkt\/torband-zum-anschweissen-eisen-blank\/"},"modified":"2022-03-10T14:37:49","modified_gmt":"2022-03-10T13:37:49","slug":"torband-zum-anschweissen-eisen-blank","status":"publish","type":"product","link":"https:\/\/pollmann.de\/fr\/produit\/torband-zum-anschweissen-eisen-blank\/","title":{"rendered":"Charni\u00e8re de portail \u00e0 souder, fer brillant"},"content":{"rendered":"<p>\u00e0 souder, possibilit\u00e9 de r\u00e9glage sans d\u00e9crocher le portail,<br \/>\nCompos\u00e9 de : 1 support \u00e0 souder en acier brut, 2 supports de boulons en acier brut, 1 boulon \u00e0 \u0153il galvanis\u00e9 \u00e0 chaud, 1 boulon en acier inoxydable, 1 goupille fendue DIN 94 en acier inoxydable, 2 \u00e9crous DIN 934 et 4 rondelles. DIN 125 galvanis\u00e9, emball\u00e9 dans un sachet en poly\u00e9thyl\u00e8ne<\/p>","protected":false},"excerpt":{"rendered":"<p>\u00e0 souder, possibilit\u00e9 de r\u00e9glage sans d\u00e9crocher le portail,<br \/>\nCompos\u00e9 de : 1 support \u00e0 souder en acier brut, 2 supports de boulons en acier brut, 1 boulon \u00e0 \u0153il galvanis\u00e9 \u00e0 chaud, 1 boulon en acier inoxydable, 1 goupille fendue DIN 94 en acier inoxydable, 2 \u00e9crous DIN 934 et 4 rondelles. DIN 125 galvanis\u00e9, emball\u00e9 dans un sachet en poly\u00e9thyl\u00e8ne<\/p>","protected":false},"featured_media":227533,"comment_status":"closed","ping_status":"closed","template":"","meta":{"_acf_changed":false,"_et_pb_use_builder":"","_et_pb_old_content":"","_et_gb_content_width":""},"product_brand":[],"product_cat":[1916,1731],"product_tag":[1938,1933,1936,1937],"class_list":{"0":"post-229710","1":"product","2":"type-product","3":"status-publish","4":"has-post-thumbnail","6":"product_cat-metall-torbeschlaege","7":"product_cat-torbeschlaege","8":"product_tag-anschweissband","9":"product_tag-metalltorbeschlag","10":"product_tag-metalltorbeschlaege","11":"product_tag-torband-zum-anschweissen","12":"pa_varianten-torband-m12-x-120-mm-2-fach-verstellbar-eisen-blank","13":"pa_varianten-torband-m16-x-130-mm-2-fach-verstellbar-eisen-blank","14":"pa_varianten-torband-m20-x-150-mm-2-fach-verstellbar-eisen-blank","15":"pa_varianten-torband-m24-x-150-mm-2-fach-verstellbar-eisen-blank","17":"first","18":"instock","19":"purchasable","20":"product-type-variable"},"acf":[],"_links":{"self":[{"href":"https:\/\/pollmann.de\/fr\/wp-json\/wp\/v2\/product\/229710","targetHints":{"allow":["GET"]}}],"collection":[{"href":"https:\/\/pollmann.de\/fr\/wp-json\/wp\/v2\/product"}],"about":[{"href":"https:\/\/pollmann.de\/fr\/wp-json\/wp\/v2\/types\/product"}],"replies":[{"embeddable":true,"href":"https:\/\/pollmann.de\/fr\/wp-json\/wp\/v2\/comments?post=229710"}],"wp:featuredmedia":[{"embeddable":true,"href":"https:\/\/pollmann.de\/fr\/wp-json\/wp\/v2\/media\/227533"}],"wp:attachment":[{"href":"https:\/\/pollmann.de\/fr\/wp-json\/wp\/v2\/media?parent=229710"}],"wp:term":[{"taxonomy":"product_brand","embeddable":true,"href":"https:\/\/pollmann.de\/fr\/wp-json\/wp\/v2\/product_brand?post=229710"},{"taxonomy":"product_cat","embeddable":true,"href":"https:\/\/pollmann.de\/fr\/wp-json\/wp\/v2\/product_cat?post=229710"},{"taxonomy":"product_tag","embeddable":true,"href":"https:\/\/pollmann.de\/fr\/wp-json\/wp\/v2\/product_tag?post=229710"}],"curies":[{"name":"wp","href":"https:\/\/api.w.org\/{rel}","templated":true}]}}