{"id":229706,"date":"2022-03-10T14:36:23","date_gmt":"2022-03-10T13:36:23","guid":{"rendered":"https:\/\/pollmann.de\/produkt\/ladenband-rolle-10-mm\/"},"modified":"2022-03-10T14:37:47","modified_gmt":"2022-03-10T13:37:47","slug":"ladenband-rolle-10-mm","status":"publish","type":"product","link":"https:\/\/pollmann.de\/fr\/produit\/ladenband-rolle-10-mm\/","title":{"rendered":"Rouleau de ruban adh\u00e9sif d&#039;atelier 10 mm"},"content":{"rendered":"<p>Extr\u00e9mit\u00e9 pointue, distance du centre du rouleau au centre du trou carr\u00e9 = 65 mm<\/p>","protected":false},"excerpt":{"rendered":"<p>Extr\u00e9mit\u00e9 pointue, distance du centre du rouleau au centre du trou carr\u00e9 = 65 mm<\/p>","protected":false},"featured_media":227473,"comment_status":"closed","ping_status":"closed","template":"","meta":{"_acf_changed":false,"_et_pb_use_builder":"","_et_pb_old_content":"","_et_gb_content_width":""},"product_brand":[],"product_cat":[1946,1731],"product_tag":[756,794,1747,97,1954,457,467],"class_list":{"0":"post-229706","1":"product","2":"type-product","3":"status-publish","4":"has-post-thumbnail","6":"product_cat-ladenbaender","7":"product_cat-torbeschlaege","8":"product_tag-klappladenbeschlag","9":"product_tag-ladenband","10":"product_tag-langband","11":"product_tag-pollmann","12":"product_tag-schlagladenbeschlag","13":"product_tag-torbeschlag","14":"product_tag-tuerband","15":"pa_varianten-ladenband-10-300-mm-hell-verzinkt","16":"pa_varianten-ladenband-10-400-mm-hell-verzinkt","17":"pa_varianten-ladenband-10-500-mm-hell-verzinkt","19":"first","20":"instock","21":"purchasable","22":"product-type-variable"},"acf":[],"_links":{"self":[{"href":"https:\/\/pollmann.de\/fr\/wp-json\/wp\/v2\/product\/229706","targetHints":{"allow":["GET"]}}],"collection":[{"href":"https:\/\/pollmann.de\/fr\/wp-json\/wp\/v2\/product"}],"about":[{"href":"https:\/\/pollmann.de\/fr\/wp-json\/wp\/v2\/types\/product"}],"replies":[{"embeddable":true,"href":"https:\/\/pollmann.de\/fr\/wp-json\/wp\/v2\/comments?post=229706"}],"wp:featuredmedia":[{"embeddable":true,"href":"https:\/\/pollmann.de\/fr\/wp-json\/wp\/v2\/media\/227473"}],"wp:attachment":[{"href":"https:\/\/pollmann.de\/fr\/wp-json\/wp\/v2\/media?parent=229706"}],"wp:term":[{"taxonomy":"product_brand","embeddable":true,"href":"https:\/\/pollmann.de\/fr\/wp-json\/wp\/v2\/product_brand?post=229706"},{"taxonomy":"product_cat","embeddable":true,"href":"https:\/\/pollmann.de\/fr\/wp-json\/wp\/v2\/product_cat?post=229706"},{"taxonomy":"product_tag","embeddable":true,"href":"https:\/\/pollmann.de\/fr\/wp-json\/wp\/v2\/product_tag?post=229706"}],"curies":[{"name":"wp","href":"https:\/\/api.w.org\/{rel}","templated":true}]}}