{"id":229583,"date":"2022-03-10T14:24:46","date_gmt":"2022-03-10T13:24:46","guid":{"rendered":"https:\/\/pollmann.de\/produkt\/pfostentraeger-mit-ausgepraegter-balkenauflage\/"},"modified":"2022-03-28T12:21:32","modified_gmt":"2022-03-28T10:21:32","slug":"pfostentraeger-mit-ausgepraegter-balkenauflage","status":"publish","type":"product","link":"https:\/\/pollmann.de\/fr\/produit\/pfostentraeger-mit-ausgepraegter-balkenauflage\/","title":{"rendered":"Pied de poteau avec support de poutre prononc\u00e9"},"content":{"rendered":"<p>\u00e0 visser, avec sangles lat\u00e9rales hautes, profondeur de poteau 110 mm, galvanis\u00e9 \u00e0 chaud<\/p>","protected":false},"excerpt":{"rendered":"<p>\u00e0 visser, avec sangles lat\u00e9rales hautes, profondeur de poteau 110 mm, galvanis\u00e9 \u00e0 chaud<\/p>","protected":false},"featured_media":228221,"comment_status":"closed","ping_status":"closed","template":"","meta":{"_acf_changed":false,"_et_pb_use_builder":"","_et_pb_old_content":"","_et_gb_content_width":""},"product_brand":[],"product_cat":[1076,1077],"product_tag":[1107,1099,1078,97,1080,1102],"class_list":{"0":"post-229583","1":"product","2":"type-product","3":"status-publish","4":"has-post-thumbnail","6":"product_cat-pfostentraeger","7":"product_cat-zum-aufduebeln","8":"product_tag-balkenauflage","9":"product_tag-made-in-germany","10":"product_tag-pfostentraeger","11":"product_tag-pollmann","12":"product_tag-stuetzenfuss","13":"product_tag-zum-aufschrauben","14":"pa_varianten-pfostentraeger-101-mm-mit-ausgepraegter-balkenauflage","15":"pa_varianten-pfostentraeger-121-mm-mit-ausgepraegter-balkenauflage","16":"pa_varianten-pfostentraeger-71-mm-mit-ausgepraegter-balkenauflage","17":"pa_varianten-pfostentraeger-81-mm-mit-ausgepraegter-balkenauflage","18":"pa_varianten-pfostentraeger-91-mm-mit-ausgepraegter-balkenauflage","20":"first","21":"instock","22":"purchasable","23":"product-type-variable"},"acf":[],"_links":{"self":[{"href":"https:\/\/pollmann.de\/fr\/wp-json\/wp\/v2\/product\/229583","targetHints":{"allow":["GET"]}}],"collection":[{"href":"https:\/\/pollmann.de\/fr\/wp-json\/wp\/v2\/product"}],"about":[{"href":"https:\/\/pollmann.de\/fr\/wp-json\/wp\/v2\/types\/product"}],"replies":[{"embeddable":true,"href":"https:\/\/pollmann.de\/fr\/wp-json\/wp\/v2\/comments?post=229583"}],"wp:featuredmedia":[{"embeddable":true,"href":"https:\/\/pollmann.de\/fr\/wp-json\/wp\/v2\/media\/228221"}],"wp:attachment":[{"href":"https:\/\/pollmann.de\/fr\/wp-json\/wp\/v2\/media?parent=229583"}],"wp:term":[{"taxonomy":"product_brand","embeddable":true,"href":"https:\/\/pollmann.de\/fr\/wp-json\/wp\/v2\/product_brand?post=229583"},{"taxonomy":"product_cat","embeddable":true,"href":"https:\/\/pollmann.de\/fr\/wp-json\/wp\/v2\/product_cat?post=229583"},{"taxonomy":"product_tag","embeddable":true,"href":"https:\/\/pollmann.de\/fr\/wp-json\/wp\/v2\/product_tag?post=229583"}],"curies":[{"name":"wp","href":"https:\/\/api.w.org\/{rel}","templated":true}]}}