{"id":229581,"date":"2022-03-10T14:24:46","date_gmt":"2022-03-10T13:24:46","guid":{"rendered":"https:\/\/pollmann.de\/produkt\/betonanker-zweiteilig-leicht-feuerverzinkt\/"},"modified":"2022-03-10T14:24:53","modified_gmt":"2022-03-10T13:24:53","slug":"betonanker-zweiteilig-leicht-feuerverzinkt","status":"publish","type":"product","link":"https:\/\/pollmann.de\/fr\/produit\/betonanker-zweiteilig-leicht-feuerverzinkt\/","title":{"rendered":"Ancrage \u00e0 b\u00e9ton en deux parties, l\u00e9ger, galvanis\u00e9 \u00e0 chaud"},"content":{"rendered":"<p>\u00e0 encastrer dans le b\u00e9ton, galvanis\u00e9 \u00e0 chaud<\/p>","protected":false},"excerpt":{"rendered":"<p>\u00e0 encastrer dans le b\u00e9ton, galvanis\u00e9 \u00e0 chaud<\/p>","protected":false},"featured_media":228229,"comment_status":"closed","ping_status":"closed","template":"","meta":{"_acf_changed":false,"_et_pb_use_builder":"","_et_pb_old_content":"","_et_gb_content_width":""},"product_brand":[],"product_cat":[1076,1118],"product_tag":[1130,1120,1078,97,1080,1126],"class_list":{"0":"post-229581","1":"product","2":"type-product","3":"status-publish","4":"has-post-thumbnail","6":"product_cat-pfostentraeger","7":"product_cat-zum-einbetonieren","8":"product_tag-500-mm","9":"product_tag-betonanker","10":"product_tag-pfostentraeger","11":"product_tag-pollmann","12":"product_tag-stuetzenfuss","13":"product_tag-zweiteilig","14":"pa_varianten-betonanker-zweiteilig-leicht-feuerverzinkt","16":"first","17":"instock","18":"purchasable","19":"product-type-simple"},"acf":[],"_links":{"self":[{"href":"https:\/\/pollmann.de\/fr\/wp-json\/wp\/v2\/product\/229581","targetHints":{"allow":["GET"]}}],"collection":[{"href":"https:\/\/pollmann.de\/fr\/wp-json\/wp\/v2\/product"}],"about":[{"href":"https:\/\/pollmann.de\/fr\/wp-json\/wp\/v2\/types\/product"}],"replies":[{"embeddable":true,"href":"https:\/\/pollmann.de\/fr\/wp-json\/wp\/v2\/comments?post=229581"}],"wp:featuredmedia":[{"embeddable":true,"href":"https:\/\/pollmann.de\/fr\/wp-json\/wp\/v2\/media\/228229"}],"wp:attachment":[{"href":"https:\/\/pollmann.de\/fr\/wp-json\/wp\/v2\/media?parent=229581"}],"wp:term":[{"taxonomy":"product_brand","embeddable":true,"href":"https:\/\/pollmann.de\/fr\/wp-json\/wp\/v2\/product_brand?post=229581"},{"taxonomy":"product_cat","embeddable":true,"href":"https:\/\/pollmann.de\/fr\/wp-json\/wp\/v2\/product_cat?post=229581"},{"taxonomy":"product_tag","embeddable":true,"href":"https:\/\/pollmann.de\/fr\/wp-json\/wp\/v2\/product_tag?post=229581"}],"curies":[{"name":"wp","href":"https:\/\/api.w.org\/{rel}","templated":true}]}}