{"id":229580,"date":"2022-03-10T14:24:46","date_gmt":"2022-03-10T13:24:46","guid":{"rendered":"https:\/\/pollmann.de\/produkt\/pfostentraeger-mit-balkenauflage\/"},"modified":"2022-03-28T12:19:24","modified_gmt":"2022-03-28T10:19:24","slug":"pfostentraeger-mit-balkenauflage","status":"publish","type":"product","link":"https:\/\/pollmann.de\/fr\/produit\/pfostentraeger-mit-balkenauflage\/","title":{"rendered":"Base de poteau avec support de poutre"},"content":{"rendered":"<p>\u00e0 visser, pied de poteau 110 mm, avec marquage CE, galvanis\u00e9 \u00e0 chaud<\/p>","protected":false},"excerpt":{"rendered":"<p>\u00e0 visser, pied de poteau 110 mm, avec marquage CE, galvanis\u00e9 \u00e0 chaud<\/p>","protected":false},"featured_media":228222,"comment_status":"closed","ping_status":"closed","template":"","meta":{"_acf_changed":false,"_et_pb_use_builder":"","_et_pb_old_content":"","_et_gb_content_width":""},"product_brand":[],"product_cat":[1076,1077],"product_tag":[1087,1078,1080,1079],"class_list":{"0":"post-229580","1":"product","2":"type-product","3":"status-publish","4":"has-post-thumbnail","6":"product_cat-pfostentraeger","7":"product_cat-zum-aufduebeln","8":"product_tag-mit-balkenauflage","9":"product_tag-pfostentraeger","10":"product_tag-stuetzenfuss","11":"product_tag-stuetzenschuh","12":"pa_varianten-pfostentraeger-101-mm-mit-balkenauflage","13":"pa_varianten-pfostentraeger-121-mm-mit-balkenauflage","14":"pa_varianten-pfostentraeger-71-mm-mit-balkenauflage","15":"pa_varianten-pfostentraeger-81-mm-mit-balkenauflage","16":"pa_varianten-pfostentraeger-91-mm-mit-balkenauflage","18":"first","19":"instock","20":"purchasable","21":"product-type-variable"},"acf":[],"_links":{"self":[{"href":"https:\/\/pollmann.de\/fr\/wp-json\/wp\/v2\/product\/229580","targetHints":{"allow":["GET"]}}],"collection":[{"href":"https:\/\/pollmann.de\/fr\/wp-json\/wp\/v2\/product"}],"about":[{"href":"https:\/\/pollmann.de\/fr\/wp-json\/wp\/v2\/types\/product"}],"replies":[{"embeddable":true,"href":"https:\/\/pollmann.de\/fr\/wp-json\/wp\/v2\/comments?post=229580"}],"wp:featuredmedia":[{"embeddable":true,"href":"https:\/\/pollmann.de\/fr\/wp-json\/wp\/v2\/media\/228222"}],"wp:attachment":[{"href":"https:\/\/pollmann.de\/fr\/wp-json\/wp\/v2\/media?parent=229580"}],"wp:term":[{"taxonomy":"product_brand","embeddable":true,"href":"https:\/\/pollmann.de\/fr\/wp-json\/wp\/v2\/product_brand?post=229580"},{"taxonomy":"product_cat","embeddable":true,"href":"https:\/\/pollmann.de\/fr\/wp-json\/wp\/v2\/product_cat?post=229580"},{"taxonomy":"product_tag","embeddable":true,"href":"https:\/\/pollmann.de\/fr\/wp-json\/wp\/v2\/product_tag?post=229580"}],"curies":[{"name":"wp","href":"https:\/\/api.w.org\/{rel}","templated":true}]}}