{"id":229577,"date":"2022-03-10T14:24:46","date_gmt":"2022-03-10T13:24:46","guid":{"rendered":"https:\/\/pollmann.de\/produkt\/pfostentraeger-carlos-zum-einlassen\/"},"modified":"2022-03-10T14:25:14","modified_gmt":"2022-03-10T13:25:14","slug":"pfostentraeger-carlos-zum-einlassen","status":"publish","type":"product","link":"https:\/\/pollmann.de\/fr\/produit\/pfostentraeger-carlos-zum-einlassen\/","title":{"rendered":"CARLOS post support \u00e0 l&#039;entr\u00e9e"},"content":{"rendered":"<p>\u00e0 cheviller, avec lame \u00e0 ins\u00e9rer, r\u00e9glable en hauteur, gr\u00e2ce au filetage \u00e0 droite\/gauche m\u00eame une fois install\u00e9, surface homog\u00e8ne aspect acier inoxydable, duret\u00e9 de surface \u00e9lev\u00e9e pour un fonctionnement de filetage longue dur\u00e9e<\/p>","protected":false},"excerpt":{"rendered":"<p>\u00e0 cheviller, avec lame \u00e0 ins\u00e9rer, r\u00e9glable en hauteur, gr\u00e2ce au filetage \u00e0 droite\/gauche m\u00eame une fois install\u00e9, surface homog\u00e8ne aspect acier inoxydable, duret\u00e9 de surface \u00e9lev\u00e9e pour un fonctionnement de filetage longue dur\u00e9e<\/p>","protected":false},"featured_media":228215,"comment_status":"closed","ping_status":"closed","template":"","meta":{"_acf_changed":false,"_et_pb_use_builder":"","_et_pb_old_content":"","_et_gb_content_width":""},"product_brand":[],"product_cat":[1076,1077],"product_tag":[1084,1083,1116,1078,97,1080,1079],"class_list":{"0":"post-229577","1":"product","2":"type-product","3":"status-publish","4":"has-post-thumbnail","6":"product_cat-pfostentraeger","7":"product_cat-zum-aufduebeln","8":"product_tag-carlos","9":"product_tag-hoehenverstellbar","10":"product_tag-mit-schwert","11":"product_tag-pfostentraeger","12":"product_tag-pollmann","13":"product_tag-stuetzenfuss","14":"product_tag-stuetzenschuh","15":"pa_varianten-pfostentraeger-carlos-m24-zum-einlassen","17":"first","18":"instock","19":"purchasable","20":"product-type-variable"},"acf":[],"_links":{"self":[{"href":"https:\/\/pollmann.de\/fr\/wp-json\/wp\/v2\/product\/229577","targetHints":{"allow":["GET"]}}],"collection":[{"href":"https:\/\/pollmann.de\/fr\/wp-json\/wp\/v2\/product"}],"about":[{"href":"https:\/\/pollmann.de\/fr\/wp-json\/wp\/v2\/types\/product"}],"replies":[{"embeddable":true,"href":"https:\/\/pollmann.de\/fr\/wp-json\/wp\/v2\/comments?post=229577"}],"wp:featuredmedia":[{"embeddable":true,"href":"https:\/\/pollmann.de\/fr\/wp-json\/wp\/v2\/media\/228215"}],"wp:attachment":[{"href":"https:\/\/pollmann.de\/fr\/wp-json\/wp\/v2\/media?parent=229577"}],"wp:term":[{"taxonomy":"product_brand","embeddable":true,"href":"https:\/\/pollmann.de\/fr\/wp-json\/wp\/v2\/product_brand?post=229577"},{"taxonomy":"product_cat","embeddable":true,"href":"https:\/\/pollmann.de\/fr\/wp-json\/wp\/v2\/product_cat?post=229577"},{"taxonomy":"product_tag","embeddable":true,"href":"https:\/\/pollmann.de\/fr\/wp-json\/wp\/v2\/product_tag?post=229577"}],"curies":[{"name":"wp","href":"https:\/\/api.w.org\/{rel}","templated":true}]}}