{"id":229574,"date":"2022-03-10T14:24:46","date_gmt":"2022-03-10T13:24:46","guid":{"rendered":"https:\/\/pollmann.de\/produkt\/pfostentraeger-carlos-u-form\/"},"modified":"2022-03-10T14:24:56","modified_gmt":"2022-03-10T13:24:56","slug":"pfostentraeger-carlos-u-form","status":"publish","type":"product","link":"https:\/\/pollmann.de\/fr\/produit\/pfostentraeger-carlos-u-form\/","title":{"rendered":"Support de poteau en U CARLOS"},"content":{"rendered":"<p>\u00e0 cheviller, r\u00e9glable lat\u00e9ralement 80-160 mm, r\u00e9glable en hauteur par filetage droit\/gauche m\u00eame une fois mont\u00e9, sangles lat\u00e9rales 115 x 80 x 4 mm<\/p>","protected":false},"excerpt":{"rendered":"<p>\u00e0 cheviller, r\u00e9glable lat\u00e9ralement 80-160 mm, r\u00e9glable en hauteur par filetage droit\/gauche m\u00eame une fois mont\u00e9, sangles lat\u00e9rales 115 x 80 x 4 mm<\/p>","protected":false},"featured_media":228214,"comment_status":"closed","ping_status":"closed","template":"","meta":{"_acf_changed":false,"_et_pb_use_builder":"","_et_pb_old_content":"","_et_gb_content_width":""},"product_brand":[],"product_cat":[1076,1077],"product_tag":[1084,1083,1078,97,1080,1079,1092],"class_list":{"0":"post-229574","1":"product","2":"type-product","3":"status-publish","4":"has-post-thumbnail","6":"product_cat-pfostentraeger","7":"product_cat-zum-aufduebeln","8":"product_tag-carlos","9":"product_tag-hoehenverstellbar","10":"product_tag-pfostentraeger","11":"product_tag-pollmann","12":"product_tag-stuetzenfuss","13":"product_tag-stuetzenschuh","14":"product_tag-u-form","15":"pa_varianten-pfostentraeger-carlos-m20-u-form","16":"pa_varianten-pfostentraeger-carlos-m24-u-form","18":"first","19":"instock","20":"purchasable","21":"product-type-variable"},"acf":[],"_links":{"self":[{"href":"https:\/\/pollmann.de\/fr\/wp-json\/wp\/v2\/product\/229574","targetHints":{"allow":["GET"]}}],"collection":[{"href":"https:\/\/pollmann.de\/fr\/wp-json\/wp\/v2\/product"}],"about":[{"href":"https:\/\/pollmann.de\/fr\/wp-json\/wp\/v2\/types\/product"}],"replies":[{"embeddable":true,"href":"https:\/\/pollmann.de\/fr\/wp-json\/wp\/v2\/comments?post=229574"}],"wp:featuredmedia":[{"embeddable":true,"href":"https:\/\/pollmann.de\/fr\/wp-json\/wp\/v2\/media\/228214"}],"wp:attachment":[{"href":"https:\/\/pollmann.de\/fr\/wp-json\/wp\/v2\/media?parent=229574"}],"wp:term":[{"taxonomy":"product_brand","embeddable":true,"href":"https:\/\/pollmann.de\/fr\/wp-json\/wp\/v2\/product_brand?post=229574"},{"taxonomy":"product_cat","embeddable":true,"href":"https:\/\/pollmann.de\/fr\/wp-json\/wp\/v2\/product_cat?post=229574"},{"taxonomy":"product_tag","embeddable":true,"href":"https:\/\/pollmann.de\/fr\/wp-json\/wp\/v2\/product_tag?post=229574"}],"curies":[{"name":"wp","href":"https:\/\/api.w.org\/{rel}","templated":true}]}}