{"id":229568,"date":"2022-03-10T14:24:46","date_gmt":"2022-03-10T13:24:46","guid":{"rendered":"https:\/\/pollmann.de\/produkt\/pfostentraeger-u-form-verstellbar\/"},"modified":"2022-03-10T14:25:07","modified_gmt":"2022-03-10T13:25:07","slug":"pfostentraeger-u-form-verstellbar","status":"publish","type":"product","link":"https:\/\/pollmann.de\/fr\/produit\/pfostentraeger-u-form-verstellbar\/","title":{"rendered":"Support de poteau en forme de U r\u00e9glable"},"content":{"rendered":"<p>\u00e0 cheviller, tube \u00d8 38,0 mm, galvanis\u00e9 \u00e0 chaud<\/p>","protected":false},"excerpt":{"rendered":"<p>\u00e0 cheviller, tube \u00d8 38,0 mm, galvanis\u00e9 \u00e0 chaud<\/p>","protected":false},"featured_media":228243,"comment_status":"closed","ping_status":"closed","template":"","meta":{"_acf_changed":false,"_et_pb_use_builder":"","_et_pb_old_content":"","_et_gb_content_width":""},"product_brand":[],"product_cat":[1076,1077],"product_tag":[1078,1080,1079,1101,1102],"class_list":{"0":"post-229568","1":"product","2":"type-product","3":"status-publish","4":"has-post-thumbnail","6":"product_cat-pfostentraeger","7":"product_cat-zum-aufduebeln","8":"product_tag-pfostentraeger","9":"product_tag-stuetzenfuss","10":"product_tag-stuetzenschuh","11":"product_tag-verstellbar","12":"product_tag-zum-aufschrauben","13":"pa_varianten-pfostentraeger-u-form-verstellbar-hoehe-100-mm","14":"pa_varianten-pfostentraeger-u-form-verstellbar-hoehe-150-mm","15":"pa_varianten-pfostentraeger-u-form-verstellbar-hoehe-200-mm","16":"pa_varianten-pfostentraeger-u-form-verstellbar-hoehe-60-mm","18":"first","19":"instock","20":"purchasable","21":"product-type-variable"},"acf":[],"_links":{"self":[{"href":"https:\/\/pollmann.de\/fr\/wp-json\/wp\/v2\/product\/229568","targetHints":{"allow":["GET"]}}],"collection":[{"href":"https:\/\/pollmann.de\/fr\/wp-json\/wp\/v2\/product"}],"about":[{"href":"https:\/\/pollmann.de\/fr\/wp-json\/wp\/v2\/types\/product"}],"replies":[{"embeddable":true,"href":"https:\/\/pollmann.de\/fr\/wp-json\/wp\/v2\/comments?post=229568"}],"wp:featuredmedia":[{"embeddable":true,"href":"https:\/\/pollmann.de\/fr\/wp-json\/wp\/v2\/media\/228243"}],"wp:attachment":[{"href":"https:\/\/pollmann.de\/fr\/wp-json\/wp\/v2\/media?parent=229568"}],"wp:term":[{"taxonomy":"product_brand","embeddable":true,"href":"https:\/\/pollmann.de\/fr\/wp-json\/wp\/v2\/product_brand?post=229568"},{"taxonomy":"product_cat","embeddable":true,"href":"https:\/\/pollmann.de\/fr\/wp-json\/wp\/v2\/product_cat?post=229568"},{"taxonomy":"product_tag","embeddable":true,"href":"https:\/\/pollmann.de\/fr\/wp-json\/wp\/v2\/product_tag?post=229568"}],"curies":[{"name":"wp","href":"https:\/\/api.w.org\/{rel}","templated":true}]}}