{"id":229566,"date":"2022-03-10T14:24:46","date_gmt":"2022-03-10T13:24:46","guid":{"rendered":"https:\/\/pollmann.de\/produkt\/pfostentraeger-mit-schwert-zum-aufschrauben\/"},"modified":"2022-03-10T14:24:58","modified_gmt":"2022-03-10T13:24:58","slug":"pfostentraeger-mit-schwert-zum-aufschrauben","status":"publish","type":"product","link":"https:\/\/pollmann.de\/fr\/produit\/pfostentraeger-mit-schwert-zum-aufschrauben\/","title":{"rendered":"Support de poteau avec \u00e9p\u00e9e \u00e0 visser"},"content":{"rendered":"<p>pour chevilles, plaque support 80 x 90 x 8 mm, tube \u00d8 48,3 mm, galvanis\u00e9 \u00e0 chaud<\/p>","protected":false},"excerpt":{"rendered":"<p>pour chevilles, plaque support 80 x 90 x 8 mm, tube \u00d8 48,3 mm, galvanis\u00e9 \u00e0 chaud<\/p>","protected":false},"featured_media":228238,"comment_status":"closed","ping_status":"closed","template":"","meta":{"_acf_changed":false,"_et_pb_use_builder":"","_et_pb_old_content":"","_et_gb_content_width":""},"product_brand":[],"product_cat":[1076,1077],"product_tag":[1089,97,1080,1079],"class_list":{"0":"post-229566","1":"product","2":"type-product","3":"status-publish","4":"has-post-thumbnail","6":"product_cat-pfostentraeger","7":"product_cat-zum-aufduebeln","8":"product_tag-pfostentraeger-zum-aufduebeln","9":"product_tag-pollmann","10":"product_tag-stuetzenfuss","11":"product_tag-stuetzenschuh","12":"pa_varianten-pfostentraeger-mit-schwert-zum-aufschrauben-hoehe-100-mm","13":"pa_varianten-pfostentraeger-mit-schwert-zum-aufschrauben-hoehe-150-mm","14":"pa_varianten-pfostentraeger-mit-schwert-zum-aufschrauben-hoehe-200-mm","15":"pa_varianten-pfostentraeger-mit-schwert-zum-aufschrauben-hoehe-250-mm","16":"pa_varianten-pfostentraeger-mit-schwert-zum-aufschrauben-hoehe-300-mm","17":"pa_varianten-pfostentraeger-mit-schwert-zum-aufschrauben-hoehe-60-mm","19":"first","20":"instock","21":"purchasable","22":"product-type-variable"},"acf":[],"_links":{"self":[{"href":"https:\/\/pollmann.de\/fr\/wp-json\/wp\/v2\/product\/229566","targetHints":{"allow":["GET"]}}],"collection":[{"href":"https:\/\/pollmann.de\/fr\/wp-json\/wp\/v2\/product"}],"about":[{"href":"https:\/\/pollmann.de\/fr\/wp-json\/wp\/v2\/types\/product"}],"replies":[{"embeddable":true,"href":"https:\/\/pollmann.de\/fr\/wp-json\/wp\/v2\/comments?post=229566"}],"wp:featuredmedia":[{"embeddable":true,"href":"https:\/\/pollmann.de\/fr\/wp-json\/wp\/v2\/media\/228238"}],"wp:attachment":[{"href":"https:\/\/pollmann.de\/fr\/wp-json\/wp\/v2\/media?parent=229566"}],"wp:term":[{"taxonomy":"product_brand","embeddable":true,"href":"https:\/\/pollmann.de\/fr\/wp-json\/wp\/v2\/product_brand?post=229566"},{"taxonomy":"product_cat","embeddable":true,"href":"https:\/\/pollmann.de\/fr\/wp-json\/wp\/v2\/product_cat?post=229566"},{"taxonomy":"product_tag","embeddable":true,"href":"https:\/\/pollmann.de\/fr\/wp-json\/wp\/v2\/product_tag?post=229566"}],"curies":[{"name":"wp","href":"https:\/\/api.w.org\/{rel}","templated":true}]}}