{"id":229565,"date":"2022-03-10T14:24:46","date_gmt":"2022-03-10T13:24:46","guid":{"rendered":"https:\/\/pollmann.de\/produkt\/pfostentraeger-mit-rohr\/"},"modified":"2022-03-28T12:20:27","modified_gmt":"2022-03-28T10:20:27","slug":"pfostentraeger-mit-rohr","status":"publish","type":"product","link":"https:\/\/pollmann.de\/fr\/produit\/pfostentraeger-mit-rohr\/","title":{"rendered":"Base de poteau avec tube"},"content":{"rendered":"<p>\u00e0 cheviller, compos\u00e9 d&#039;une plaque \u00e0 visser, d&#039;un tube \u00d8 38 mm et d&#039;une plaque de support, galvanis\u00e9s \u00e0 chaud, chargeable jusqu&#039;\u00e0 25 kN<\/p>","protected":false},"excerpt":{"rendered":"<p>\u00e0 cheviller, compos\u00e9 d&#039;une plaque \u00e0 visser, d&#039;un tube \u00d8 38 mm et d&#039;une plaque de support, galvanis\u00e9s \u00e0 chaud, chargeable jusqu&#039;\u00e0 25 kN<\/p>","protected":false},"featured_media":228264,"comment_status":"closed","ping_status":"closed","template":"","meta":{"_acf_changed":false,"_et_pb_use_builder":"","_et_pb_old_content":"","_et_gb_content_width":""},"product_brand":[],"product_cat":[1076,1077],"product_tag":[1097,97,1080],"class_list":{"0":"post-229565","1":"product","2":"type-product","3":"status-publish","4":"has-post-thumbnail","6":"product_cat-pfostentraeger","7":"product_cat-zum-aufduebeln","8":"product_tag-pfostentraeger-mit-rohr","9":"product_tag-pollmann","10":"product_tag-stuetzenfuss","11":"pa_varianten-pfostentraeger-mit-rohr","13":"first","14":"instock","15":"purchasable","16":"product-type-simple"},"acf":[],"_links":{"self":[{"href":"https:\/\/pollmann.de\/fr\/wp-json\/wp\/v2\/product\/229565","targetHints":{"allow":["GET"]}}],"collection":[{"href":"https:\/\/pollmann.de\/fr\/wp-json\/wp\/v2\/product"}],"about":[{"href":"https:\/\/pollmann.de\/fr\/wp-json\/wp\/v2\/types\/product"}],"replies":[{"embeddable":true,"href":"https:\/\/pollmann.de\/fr\/wp-json\/wp\/v2\/comments?post=229565"}],"wp:featuredmedia":[{"embeddable":true,"href":"https:\/\/pollmann.de\/fr\/wp-json\/wp\/v2\/media\/228264"}],"wp:attachment":[{"href":"https:\/\/pollmann.de\/fr\/wp-json\/wp\/v2\/media?parent=229565"}],"wp:term":[{"taxonomy":"product_brand","embeddable":true,"href":"https:\/\/pollmann.de\/fr\/wp-json\/wp\/v2\/product_brand?post=229565"},{"taxonomy":"product_cat","embeddable":true,"href":"https:\/\/pollmann.de\/fr\/wp-json\/wp\/v2\/product_cat?post=229565"},{"taxonomy":"product_tag","embeddable":true,"href":"https:\/\/pollmann.de\/fr\/wp-json\/wp\/v2\/product_tag?post=229565"}],"curies":[{"name":"wp","href":"https:\/\/api.w.org\/{rel}","templated":true}]}}