{"id":229554,"date":"2022-03-10T14:24:46","date_gmt":"2022-03-10T13:24:46","guid":{"rendered":"https:\/\/pollmann.de\/produkt\/pfostentraeger-montageset\/"},"modified":"2022-03-10T14:24:48","modified_gmt":"2022-03-10T13:24:48","slug":"pfostentraeger-montageset","status":"publish","type":"product","link":"https:\/\/pollmann.de\/fr\/produit\/pfostentraeger-montageset\/","title":{"rendered":"Kit de montage pour pied de poteau"},"content":{"rendered":"<p>compos\u00e9 de : 2 tiges filet\u00e9es M10 x 130 mm, 4 \u00e9crous M10, 4 capuchons de protection M10 en plastique noir<\/p>","protected":false},"excerpt":{"rendered":"<p>compos\u00e9 de : 2 tiges filet\u00e9es M10 x 130 mm, 4 \u00e9crous M10, 4 capuchons de protection M10 en plastique noir<\/p>","protected":false},"featured_media":228223,"comment_status":"closed","ping_status":"closed","template":"","meta":{"_acf_changed":false,"_et_pb_use_builder":"","_et_pb_old_content":"","_et_gb_content_width":""},"product_brand":[],"product_cat":[1076,1174],"product_tag":[1176,1121,1119,1078,1175,1079],"class_list":{"0":"post-229554","1":"product","2":"type-product","3":"status-publish","4":"has-post-thumbnail","6":"product_cat-pfostentraeger","7":"product_cat-zubehoer-pfostentraeger","8":"product_tag-gewindestangen","9":"product_tag-h-anker","10":"product_tag-h-pfostentraeger","11":"product_tag-pfostentraeger","12":"product_tag-stuetzenfuesse","13":"product_tag-stuetzenschuh","14":"pa_varianten-pfostentraeger-montageset","16":"first","17":"instock","18":"purchasable","19":"product-type-simple"},"acf":[],"_links":{"self":[{"href":"https:\/\/pollmann.de\/fr\/wp-json\/wp\/v2\/product\/229554","targetHints":{"allow":["GET"]}}],"collection":[{"href":"https:\/\/pollmann.de\/fr\/wp-json\/wp\/v2\/product"}],"about":[{"href":"https:\/\/pollmann.de\/fr\/wp-json\/wp\/v2\/types\/product"}],"replies":[{"embeddable":true,"href":"https:\/\/pollmann.de\/fr\/wp-json\/wp\/v2\/comments?post=229554"}],"wp:featuredmedia":[{"embeddable":true,"href":"https:\/\/pollmann.de\/fr\/wp-json\/wp\/v2\/media\/228223"}],"wp:attachment":[{"href":"https:\/\/pollmann.de\/fr\/wp-json\/wp\/v2\/media?parent=229554"}],"wp:term":[{"taxonomy":"product_brand","embeddable":true,"href":"https:\/\/pollmann.de\/fr\/wp-json\/wp\/v2\/product_brand?post=229554"},{"taxonomy":"product_cat","embeddable":true,"href":"https:\/\/pollmann.de\/fr\/wp-json\/wp\/v2\/product_cat?post=229554"},{"taxonomy":"product_tag","embeddable":true,"href":"https:\/\/pollmann.de\/fr\/wp-json\/wp\/v2\/product_tag?post=229554"}],"curies":[{"name":"wp","href":"https:\/\/api.w.org\/{rel}","templated":true}]}}