{"id":229552,"date":"2022-03-10T14:24:46","date_gmt":"2022-03-10T13:24:46","guid":{"rendered":"https:\/\/pollmann.de\/produkt\/pfostentraeger-atlas-zweiteilig-v2a\/"},"modified":"2022-03-10T14:24:47","modified_gmt":"2022-03-10T13:24:47","slug":"pfostentraeger-atlas-zweiteilig-v2a","status":"publish","type":"product","link":"https:\/\/pollmann.de\/fr\/produit\/pfostentraeger-atlas-zweiteilig-v2a\/","title":{"rendered":"Support de poteau ATLAS, en deux parties V2A"},"content":{"rendered":"<p>Support de poteau universel, adapt\u00e9 \u00e0 toute \u00e9paisseur de poteau, avec perforations d\u00e9cal\u00e9es, galvanis\u00e9 \u00e0 chaud<\/p>","protected":false},"excerpt":{"rendered":"<p>Support de poteau universel, adapt\u00e9 \u00e0 toute \u00e9paisseur de poteau, avec perforations d\u00e9cal\u00e9es, galvanis\u00e9 \u00e0 chaud<\/p>","protected":false},"featured_media":228247,"comment_status":"closed","ping_status":"closed","template":"","meta":{"_acf_changed":false,"_et_pb_use_builder":"","_et_pb_old_content":"","_et_gb_content_width":""},"product_brand":[],"product_cat":[1145,1076],"product_tag":[257,1146,1078,1080,1079,523,1101],"class_list":{"0":"post-229552","1":"product","2":"type-product","3":"status-publish","4":"has-post-thumbnail","6":"product_cat-aus-edelstahl","7":"product_cat-pfostentraeger","8":"product_tag-edelstahl","9":"product_tag-pfostenschuh","10":"product_tag-pfostentraeger","11":"product_tag-stuetzenfuss","12":"product_tag-stuetzenschuh","13":"product_tag-v2a","14":"product_tag-verstellbar","15":"pa_varianten-pfostentraeger-atlas-zweiteilig-v2a","17":"first","18":"instock","19":"purchasable","20":"product-type-simple"},"acf":[],"_links":{"self":[{"href":"https:\/\/pollmann.de\/fr\/wp-json\/wp\/v2\/product\/229552","targetHints":{"allow":["GET"]}}],"collection":[{"href":"https:\/\/pollmann.de\/fr\/wp-json\/wp\/v2\/product"}],"about":[{"href":"https:\/\/pollmann.de\/fr\/wp-json\/wp\/v2\/types\/product"}],"replies":[{"embeddable":true,"href":"https:\/\/pollmann.de\/fr\/wp-json\/wp\/v2\/comments?post=229552"}],"wp:featuredmedia":[{"embeddable":true,"href":"https:\/\/pollmann.de\/fr\/wp-json\/wp\/v2\/media\/228247"}],"wp:attachment":[{"href":"https:\/\/pollmann.de\/fr\/wp-json\/wp\/v2\/media?parent=229552"}],"wp:term":[{"taxonomy":"product_brand","embeddable":true,"href":"https:\/\/pollmann.de\/fr\/wp-json\/wp\/v2\/product_brand?post=229552"},{"taxonomy":"product_cat","embeddable":true,"href":"https:\/\/pollmann.de\/fr\/wp-json\/wp\/v2\/product_cat?post=229552"},{"taxonomy":"product_tag","embeddable":true,"href":"https:\/\/pollmann.de\/fr\/wp-json\/wp\/v2\/product_tag?post=229552"}],"curies":[{"name":"wp","href":"https:\/\/api.w.org\/{rel}","templated":true}]}}