{"id":229238,"date":"2022-03-10T14:16:37","date_gmt":"2022-03-10T13:16:37","guid":{"rendered":"https:\/\/pollmann.de\/produkt\/innenoeffner-rolle-zweifach-verstellbar\/"},"modified":"2022-03-10T14:17:26","modified_gmt":"2022-03-10T13:17:26","slug":"innenoeffner-rolle-zweifach-verstellbar","status":"publish","type":"product","link":"https:\/\/pollmann.de\/fr\/produit\/innenoeffner-rolle-zweifach-verstellbar\/","title":{"rendered":"Le rouleau d&#039;ouverture int\u00e9rieur peut \u00eatre r\u00e9gl\u00e9 de deux mani\u00e8res"},"content":{"rendered":"<p>Plage de r\u00e9glage du centre du mandrin au centre de la bande 50 \u2013 80 mm, but\u00e9e \u00e0 gauche ou \u00e0 droite vue de l&#039;ext\u00e9rieur, illustration = gauche<\/p>","protected":false},"excerpt":{"rendered":"<p>Plage de r\u00e9glage du centre du mandrin au centre de la bande 50 \u2013 80 mm, but\u00e9e \u00e0 gauche ou \u00e0 droite vue de l&#039;ext\u00e9rieur, illustration = gauche<\/p>","protected":false},"featured_media":227732,"comment_status":"closed","ping_status":"closed","template":"","meta":{"_acf_changed":false,"_et_pb_use_builder":"","_et_pb_old_content":"","_et_gb_content_width":""},"product_brand":[],"product_cat":[2635,741],"product_tag":[134,801,133,97,765],"class_list":{"0":"post-229238","1":"product","2":"type-product","3":"status-publish","4":"has-post-thumbnail","6":"product_cat-innenoeffner","7":"product_cat-klappladenbeschlaege","8":"product_tag-fensterladen","9":"product_tag-innenoeffner","10":"product_tag-klappladen","11":"product_tag-pollmann","12":"product_tag-schlagladen","13":"pa_varianten-innenoeffner-rolle-zweifach-verstellbar-links","14":"pa_varianten-innenoeffner-rolle-zweifach-verstellbar-rechts","16":"first","17":"instock","18":"purchasable","19":"product-type-variable"},"acf":[],"_links":{"self":[{"href":"https:\/\/pollmann.de\/fr\/wp-json\/wp\/v2\/product\/229238","targetHints":{"allow":["GET"]}}],"collection":[{"href":"https:\/\/pollmann.de\/fr\/wp-json\/wp\/v2\/product"}],"about":[{"href":"https:\/\/pollmann.de\/fr\/wp-json\/wp\/v2\/types\/product"}],"replies":[{"embeddable":true,"href":"https:\/\/pollmann.de\/fr\/wp-json\/wp\/v2\/comments?post=229238"}],"wp:featuredmedia":[{"embeddable":true,"href":"https:\/\/pollmann.de\/fr\/wp-json\/wp\/v2\/media\/227732"}],"wp:attachment":[{"href":"https:\/\/pollmann.de\/fr\/wp-json\/wp\/v2\/media?parent=229238"}],"wp:term":[{"taxonomy":"product_brand","embeddable":true,"href":"https:\/\/pollmann.de\/fr\/wp-json\/wp\/v2\/product_brand?post=229238"},{"taxonomy":"product_cat","embeddable":true,"href":"https:\/\/pollmann.de\/fr\/wp-json\/wp\/v2\/product_cat?post=229238"},{"taxonomy":"product_tag","embeddable":true,"href":"https:\/\/pollmann.de\/fr\/wp-json\/wp\/v2\/product_tag?post=229238"}],"curies":[{"name":"wp","href":"https:\/\/api.w.org\/{rel}","templated":true}]}}