{"id":229227,"date":"2022-03-10T14:16:37","date_gmt":"2022-03-10T13:16:37","guid":{"rendered":"https:\/\/pollmann.de\/produkt\/sturmhaken-zum-anschrauben\/"},"modified":"2022-03-10T14:17:49","modified_gmt":"2022-03-10T13:17:49","slug":"sturmhaken-zum-anschrauben","status":"publish","type":"product","link":"https:\/\/pollmann.de\/fr\/produit\/sturmhaken-zum-anschrauben\/","title":{"rendered":"Crochet anti-temp\u00eate \u00e0 visser"},"content":{"rendered":"<p>avec \u0153illets \u00e0 visser<\/p>","protected":false},"excerpt":{"rendered":"<p>avec \u0153illets \u00e0 visser<\/p>","protected":false},"featured_media":227831,"comment_status":"closed","ping_status":"closed","template":"","meta":{"_acf_changed":false,"_et_pb_use_builder":"","_et_pb_old_content":"","_et_gb_content_width":""},"product_brand":[],"product_cat":[741,889],"product_tag":[134,132,133,131],"class_list":{"0":"post-229227","1":"product","2":"type-product","3":"status-publish","4":"has-post-thumbnail","6":"product_cat-klappladenbeschlaege","7":"product_cat-verschluesse","8":"product_tag-fensterladen","9":"product_tag-feststeller","10":"product_tag-klappladen","11":"product_tag-verschluss","12":"pa_varianten-sturmhaken-52-x-100-mm-hell-verzinkt","13":"pa_varianten-sturmhaken-52-x-100-mm-schwarz","14":"pa_varianten-sturmhaken-52-x-120-mm-hell-verzinkt","15":"pa_varianten-sturmhaken-52-x-120-mm-schwarz","16":"pa_varianten-sturmhaken-52-x-140-mm-hell-verzinkt","17":"pa_varianten-sturmhaken-52-x-140-mm-schwarz","18":"pa_varianten-sturmhaken-52-x-80-mm-hell-verzinkt","19":"pa_varianten-sturmhaken-52-x-80-mm-schwarz","21":"first","22":"instock","23":"purchasable","24":"product-type-variable"},"acf":[],"_links":{"self":[{"href":"https:\/\/pollmann.de\/fr\/wp-json\/wp\/v2\/product\/229227","targetHints":{"allow":["GET"]}}],"collection":[{"href":"https:\/\/pollmann.de\/fr\/wp-json\/wp\/v2\/product"}],"about":[{"href":"https:\/\/pollmann.de\/fr\/wp-json\/wp\/v2\/types\/product"}],"replies":[{"embeddable":true,"href":"https:\/\/pollmann.de\/fr\/wp-json\/wp\/v2\/comments?post=229227"}],"wp:featuredmedia":[{"embeddable":true,"href":"https:\/\/pollmann.de\/fr\/wp-json\/wp\/v2\/media\/227831"}],"wp:attachment":[{"href":"https:\/\/pollmann.de\/fr\/wp-json\/wp\/v2\/media?parent=229227"}],"wp:term":[{"taxonomy":"product_brand","embeddable":true,"href":"https:\/\/pollmann.de\/fr\/wp-json\/wp\/v2\/product_brand?post=229227"},{"taxonomy":"product_cat","embeddable":true,"href":"https:\/\/pollmann.de\/fr\/wp-json\/wp\/v2\/product_cat?post=229227"},{"taxonomy":"product_tag","embeddable":true,"href":"https:\/\/pollmann.de\/fr\/wp-json\/wp\/v2\/product_tag?post=229227"}],"curies":[{"name":"wp","href":"https:\/\/api.w.org\/{rel}","templated":true}]}}