{"id":229221,"date":"2022-03-10T14:16:37","date_gmt":"2022-03-10T13:16:37","guid":{"rendered":"https:\/\/pollmann.de\/produkt\/scharnier-gekroepft-mit-losem-stift\/"},"modified":"2022-03-10T14:17:40","modified_gmt":"2022-03-10T13:17:40","slug":"scharnier-gekroepft-mit-losem-stift","status":"publish","type":"product","link":"https:\/\/pollmann.de\/fr\/produit\/scharnier-gekroepft-mit-losem-stift\/","title":{"rendered":"Charni\u00e8re coud\u00e9e avec goupille libre"},"content":{"rendered":"<p>Charni\u00e8re d\u00e9port\u00e9e robuste avec goupille libre, \u00d8 6,0 mm<\/p>","protected":false},"excerpt":{"rendered":"<p>Charni\u00e8re d\u00e9port\u00e9e robuste avec goupille libre, \u00d8 6,0 mm<\/p>","protected":false},"featured_media":227834,"comment_status":"closed","ping_status":"closed","template":"","meta":{"_acf_changed":false,"_et_pb_use_builder":"","_et_pb_old_content":"","_et_gb_content_width":""},"product_brand":[],"product_cat":[820,741],"product_tag":[551,97,465,514],"class_list":{"0":"post-229221","1":"product","2":"type-product","3":"status-publish","4":"has-post-thumbnail","6":"product_cat-beschlaege-fuer-faltlaeden","7":"product_cat-klappladenbeschlaege","8":"product_tag-gekroepft","9":"product_tag-pollmann","10":"product_tag-scharnier","11":"product_tag-starke-scharniere","12":"pa_varianten-starkes-scharnier-gekroepft-65-x-90-x-25-mm-hell-verzinkt","13":"pa_varianten-starkes-scharnier-gekroepft-65-x-90-x-25-mm-schwarz","15":"first","16":"instock","17":"purchasable","18":"product-type-variable"},"acf":[],"_links":{"self":[{"href":"https:\/\/pollmann.de\/fr\/wp-json\/wp\/v2\/product\/229221","targetHints":{"allow":["GET"]}}],"collection":[{"href":"https:\/\/pollmann.de\/fr\/wp-json\/wp\/v2\/product"}],"about":[{"href":"https:\/\/pollmann.de\/fr\/wp-json\/wp\/v2\/types\/product"}],"replies":[{"embeddable":true,"href":"https:\/\/pollmann.de\/fr\/wp-json\/wp\/v2\/comments?post=229221"}],"wp:featuredmedia":[{"embeddable":true,"href":"https:\/\/pollmann.de\/fr\/wp-json\/wp\/v2\/media\/227834"}],"wp:attachment":[{"href":"https:\/\/pollmann.de\/fr\/wp-json\/wp\/v2\/media?parent=229221"}],"wp:term":[{"taxonomy":"product_brand","embeddable":true,"href":"https:\/\/pollmann.de\/fr\/wp-json\/wp\/v2\/product_brand?post=229221"},{"taxonomy":"product_cat","embeddable":true,"href":"https:\/\/pollmann.de\/fr\/wp-json\/wp\/v2\/product_cat?post=229221"},{"taxonomy":"product_tag","embeddable":true,"href":"https:\/\/pollmann.de\/fr\/wp-json\/wp\/v2\/product_tag?post=229221"}],"curies":[{"name":"wp","href":"https:\/\/api.w.org\/{rel}","templated":true}]}}