{"id":229211,"date":"2022-03-10T14:16:37","date_gmt":"2022-03-10T13:16:37","guid":{"rendered":"https:\/\/pollmann.de\/produkt\/plattenkloben-d3-duplex-schwarz\/"},"modified":"2022-03-10T14:17:15","modified_gmt":"2022-03-10T13:17:15","slug":"plattenkloben-d3-duplex-schwarz","status":"publish","type":"product","link":"https:\/\/pollmann.de\/fr\/produit\/plattenkloben-d3-duplex-schwarz\/","title":{"rendered":"Bloc de plaques D3, duplex noir"},"content":{"rendered":"<p>Bloc de plaque \u00e0 visser, plaque de base bord\u00e9e, distance entre plaque et mandrin. \u00c0 visser sur bois ou ma\u00e7onnerie, convient pour charni\u00e8res de volet, charni\u00e8res d&#039;angle et charni\u00e8res centrales.<\/p>","protected":false},"excerpt":{"rendered":"<p>Bloc de plaque \u00e0 visser, plaque de base bord\u00e9e, distance entre plaque et mandrin. \u00c0 visser sur bois ou ma\u00e7onnerie, convient pour charni\u00e8res de volet, charni\u00e8res d&#039;angle et charni\u00e8res centrales.<\/p>","protected":false},"featured_media":227478,"comment_status":"closed","ping_status":"closed","template":"","meta":{"_acf_changed":false,"_et_pb_use_builder":"","_et_pb_old_content":"","_et_gb_content_width":""},"product_brand":[],"product_cat":[2642,741],"product_tag":[771,85,750,84,751,754,755,97],"class_list":{"0":"post-229211","1":"product","2":"type-product","3":"status-publish","4":"has-post-thumbnail","6":"product_cat-haken-kloben","7":"product_cat-klappladenbeschlaege","8":"product_tag-dorn-o-10-mm","9":"product_tag-haken","10":"product_tag-haken-zum-aufschrauben","11":"product_tag-kloben","12":"product_tag-kloben-zum-aufschrauben","13":"product_tag-plattenhaken","14":"product_tag-plattenkloben","15":"product_tag-pollmann","16":"pa_varianten-haken-d3-10-abst-20-mm-kaentig-schwarz","17":"pa_varianten-haken-d3-10-abst-7-mm-kaentig-schwarz","18":"pa_varianten-haken-d3-12-abst-24-mm-kaentig-schwarz","19":"pa_varianten-haken-d3-12-abst-9-mm-kaentig-schwarz","20":"pa_varianten-haken-d3-13-abst-25-mm-kaentig-schwarz","21":"pa_varianten-haken-d3-13-abst-9-mm-kaentig-schwarz","22":"pa_varianten-haken-d3-14-abst-28-mm-kaentig-schwarz","23":"pa_varianten-haken-d3-14-abst-8-mm-kaentig-schwarz","25":"first","26":"instock","27":"purchasable","28":"product-type-variable"},"acf":[],"_links":{"self":[{"href":"https:\/\/pollmann.de\/fr\/wp-json\/wp\/v2\/product\/229211","targetHints":{"allow":["GET"]}}],"collection":[{"href":"https:\/\/pollmann.de\/fr\/wp-json\/wp\/v2\/product"}],"about":[{"href":"https:\/\/pollmann.de\/fr\/wp-json\/wp\/v2\/types\/product"}],"replies":[{"embeddable":true,"href":"https:\/\/pollmann.de\/fr\/wp-json\/wp\/v2\/comments?post=229211"}],"wp:featuredmedia":[{"embeddable":true,"href":"https:\/\/pollmann.de\/fr\/wp-json\/wp\/v2\/media\/227478"}],"wp:attachment":[{"href":"https:\/\/pollmann.de\/fr\/wp-json\/wp\/v2\/media?parent=229211"}],"wp:term":[{"taxonomy":"product_brand","embeddable":true,"href":"https:\/\/pollmann.de\/fr\/wp-json\/wp\/v2\/product_brand?post=229211"},{"taxonomy":"product_cat","embeddable":true,"href":"https:\/\/pollmann.de\/fr\/wp-json\/wp\/v2\/product_cat?post=229211"},{"taxonomy":"product_tag","embeddable":true,"href":"https:\/\/pollmann.de\/fr\/wp-json\/wp\/v2\/product_tag?post=229211"}],"curies":[{"name":"wp","href":"https:\/\/api.w.org\/{rel}","templated":true}]}}