{"id":229208,"date":"2022-03-10T14:16:37","date_gmt":"2022-03-10T13:16:37","guid":{"rendered":"https:\/\/pollmann.de\/produkt\/klappladen-scharnier-verstellbar-gekroepft\/"},"modified":"2022-03-10T14:16:48","modified_gmt":"2022-03-10T13:16:48","slug":"klappladen-scharnier-verstellbar-gekroepft","status":"publish","type":"product","link":"https:\/\/pollmann.de\/fr\/produit\/klappladen-scharnier-verstellbar-gekroepft\/","title":{"rendered":"Charni\u00e8re pour volet pliant r\u00e9glable, coud\u00e9e"},"content":{"rendered":"<p>pour volets pliants, avec d\u00e9port de 11 mm, plage de r\u00e9glage 60-120 mm<\/p>","protected":false},"excerpt":{"rendered":"<p>pour volets pliants, avec d\u00e9port de 11 mm, plage de r\u00e9glage 60-120 mm<\/p>","protected":false},"featured_media":227795,"comment_status":"closed","ping_status":"closed","template":"","meta":{"_acf_changed":false,"_et_pb_use_builder":"","_et_pb_old_content":"","_et_gb_content_width":""},"product_brand":[],"product_cat":[820,741],"product_tag":[822,133,835,97,465,834],"class_list":{"0":"post-229208","1":"product","2":"type-product","3":"status-publish","4":"has-post-thumbnail","6":"product_cat-beschlaege-fuer-faltlaeden","7":"product_cat-klappladenbeschlaege","8":"product_tag-faltladen","9":"product_tag-klappladen","10":"product_tag-montage","11":"product_tag-pollmann","12":"product_tag-scharnier","13":"product_tag-scharnier-gekroepft","14":"pa_varianten-klappladen-scharnier-verstellbar-gekroepft","16":"first","17":"instock","18":"purchasable","19":"product-type-simple"},"acf":[],"_links":{"self":[{"href":"https:\/\/pollmann.de\/fr\/wp-json\/wp\/v2\/product\/229208","targetHints":{"allow":["GET"]}}],"collection":[{"href":"https:\/\/pollmann.de\/fr\/wp-json\/wp\/v2\/product"}],"about":[{"href":"https:\/\/pollmann.de\/fr\/wp-json\/wp\/v2\/types\/product"}],"replies":[{"embeddable":true,"href":"https:\/\/pollmann.de\/fr\/wp-json\/wp\/v2\/comments?post=229208"}],"wp:featuredmedia":[{"embeddable":true,"href":"https:\/\/pollmann.de\/fr\/wp-json\/wp\/v2\/media\/227795"}],"wp:attachment":[{"href":"https:\/\/pollmann.de\/fr\/wp-json\/wp\/v2\/media?parent=229208"}],"wp:term":[{"taxonomy":"product_brand","embeddable":true,"href":"https:\/\/pollmann.de\/fr\/wp-json\/wp\/v2\/product_brand?post=229208"},{"taxonomy":"product_cat","embeddable":true,"href":"https:\/\/pollmann.de\/fr\/wp-json\/wp\/v2\/product_cat?post=229208"},{"taxonomy":"product_tag","embeddable":true,"href":"https:\/\/pollmann.de\/fr\/wp-json\/wp\/v2\/product_tag?post=229208"}],"curies":[{"name":"wp","href":"https:\/\/api.w.org\/{rel}","templated":true}]}}